{"id":37,"date":"2017-02-17T18:31:54","date_gmt":"2017-02-17T17:31:54","guid":{"rendered":"http:\/\/www.eeg-biofeedback-hradec.cz\/poradna\/?page_id=37"},"modified":"2017-02-23T01:06:48","modified_gmt":"2017-02-23T00:06:48","slug":"parova-terapie","status":"publish","type":"page","link":"http:\/\/www.eeg-biofeedback-hradec.cz\/poradna\/parova-terapie\/","title":{"rendered":"P\u00e1rov\u00e1 terapie"},"content":{"rendered":"<h2>Doprov\u00e1zen\u00ed p\u0159i sm\u00ed\u0159en\u00ed partner\u016f<\/h2>\n<p>Do bezpe\u010dn\u00e9ho prost\u0159ed\u00ed p\u0159ich\u00e1z\u00ed spolu partne\u0159i, nebo matka a d\u00edt\u011b, sourozenci, nebo p\u0159\u00e1tel\u00e9, kte\u0159\u00ed se nemohou zbavit pot\u00ed\u017e\u00ed v komunikaci. Mnoho emoc\u00ed blokuje jejich vz\u00e1jemnou l\u00e1sku.<\/p>\n<p>Doprov\u00e1z\u00edm nap\u0159\u00edklad partnery tak, \u017ee jeden mluv\u00ed a sd\u011bluje sv\u00e9 pocity a t\u00edhu, kterou ve vztahu c\u00edt\u00ed. Neobvi\u0148uje, nesoud\u00ed, ale voln\u011b, svobodn\u011b vyj\u00e1d\u0159\u00ed, co c\u00edt\u00ed.<\/p>\n<p>Druh\u00fd mu nesk\u00e1\u010de do \u0159e\u010di, neospravedl\u0148uje se, jen naslouch\u00e1 a p\u0159itak\u00e1 emoc\u00edm, vci\u0165uje se do nich. Kone\u010dn\u011b pro\u017eije spolu se sv\u00fdm partnerem to, jakou bolest a k\u0159ivdu c\u00edt\u00ed&#8230; bez ohledu na to, jestli to je p\u0159esn\u00e1 realita! Jde o to, \u017ee takto to partner pro\u017e\u00edv\u00e1 a je zran\u011bn\u00fd. Jsem v\u017edy advok\u00e1tem toho, kdo ml\u010d\u00ed a naslouch\u00e1. Nesm\u00ed doj\u00edt k tomu, \u017ee je jeden z partner\u016f zatla\u010dov\u00e1n do kouta argumenty, ub\u00edjen, obvi\u0148ov\u00e1n, souzen, moralizov\u00e1n. Oba maj\u00ed stejn\u00e9 pr\u00e1vo vn\u00edmat bolest a pocity, kter\u00e9 skute\u010dn\u011b pro\u017e\u00edvaj\u00ed! Mohou je otev\u0159en\u011b zd\u011blit a jsou vyslechnuti a pochopeni.<\/p>\n<p>\u010casto doch\u00e1z\u00ed k hlub\u0161\u00edmu porozum\u011bn\u00ed mezi partnery a jejich l\u00e1ska se znovu rozho\u0159\u00ed. Pokud to ji\u017e nen\u00ed mo\u017en\u00e9, pak se rozejdou v dobr\u00e9m s \u00factou k tomu co spolu pro\u017eili. Jsou pak schopn\u00ed se rozumn\u011b dohodnout p\u0159i rozchodu (rozvodu) bez v\u00fd\u010ditek.<\/p>\n<p>U\u017e je nesvazuje bolest, ale ve svobod\u011b hled\u00ed na partnera s \u00factou.<\/p>\n","protected":false},"excerpt":{"rendered":"Doprov\u00e1zen\u00ed p\u0159i sm\u00ed\u0159en\u00ed partner\u016f Do bezpe\u010dn\u00e9ho prost\u0159ed\u00ed p\u0159ich\u00e1z\u00ed spolu partne\u0159i, nebo matka a d\u00edt\u011b, sourozenci, nebo p\u0159\u00e1tel\u00e9, kte\u0159\u00ed se nemohou zbavit pot\u00ed\u017e\u00ed v komunikaci. Mnoho emoc\u00ed blokuje jejich vz\u00e1jemnou l\u00e1sku. Doprov\u00e1z\u00edm nap\u0159\u00edklad partnery tak, \u017ee jeden mluv\u00ed a sd\u011bluje sv\u00e9 pocity a t\u00edhu, kterou ve vztahu c\u00edt\u00ed. Neobvi\u0148uje, nesoud\u00ed, ale voln\u011b, svobodn\u011b vyj\u00e1d\u0159\u00ed, co c\u00edt\u00ed&#8230;. <a class=\"view-article\" href=\"http:\/\/www.eeg-biofeedback-hradec.cz\/poradna\/parova-terapie\/\">View Article<\/a>","protected":false},"author":1,"featured_media":0,"parent":0,"menu_order":0,"comment_status":"closed","ping_status":"closed","template":"","meta":[],"acf":[],"yoast_head":"<!-- This site is optimized with the Yoast SEO plugin v17.7.1 - https:\/\/yoast.com\/wordpress\/plugins\/seo\/ -->\n<meta name=\"robots\" content=\"index, follow, max-snippet:-1, max-image-preview:large, max-video-preview:-1\" \/>\n<link rel=\"canonical\" href=\"https:\/\/www.eeg-biofeedback-hradec.cz\/poradna\/parova-terapie\/\" \/>\n<meta property=\"og:locale\" content=\"cs_CZ\" \/>\n<meta property=\"og:type\" content=\"article\" \/>\n<meta property=\"og:title\" content=\"P\u00e1rov\u00e1 terapie - Poradna pro osobn\u00ed a rodinn\u00e9 vztahy | Radom\u00edr a Petra Noskovi | Hradec Kr\u00e1lov\u00e9\" \/>\n<meta property=\"og:description\" content=\"Doprov\u00e1zen\u00ed p\u0159i sm\u00ed\u0159en\u00ed partner\u016f Do bezpe\u010dn\u00e9ho prost\u0159ed\u00ed p\u0159ich\u00e1z\u00ed spolu partne\u0159i, nebo matka a d\u00edt\u011b, sourozenci, nebo p\u0159\u00e1tel\u00e9, kte\u0159\u00ed se nemohou zbavit pot\u00ed\u017e\u00ed v komunikaci. Mnoho emoc\u00ed blokuje jejich vz\u00e1jemnou l\u00e1sku. Doprov\u00e1z\u00edm nap\u0159\u00edklad partnery tak, \u017ee jeden mluv\u00ed a sd\u011bluje sv\u00e9 pocity a t\u00edhu, kterou ve vztahu c\u00edt\u00ed. Neobvi\u0148uje, nesoud\u00ed, ale voln\u011b, svobodn\u011b vyj\u00e1d\u0159\u00ed, co c\u00edt\u00ed.... View Article\" \/>\n<meta property=\"og:url\" content=\"https:\/\/www.eeg-biofeedback-hradec.cz\/poradna\/parova-terapie\/\" \/>\n<meta property=\"og:site_name\" content=\"Poradna pro osobn\u00ed a rodinn\u00e9 vztahy | Radom\u00edr a Petra Noskovi | Hradec Kr\u00e1lov\u00e9\" \/>\n<meta property=\"article:modified_time\" content=\"2017-02-23T00:06:48+00:00\" \/>\n<meta name=\"twitter:card\" content=\"summary_large_image\" \/>\n<meta name=\"twitter:label1\" content=\"Odhadovan\u00e1 doba \u010dten\u00ed\" \/>\n\t<meta name=\"twitter:data1\" content=\"1 minuta\" \/>\n<script type=\"application\/ld+json\" class=\"yoast-schema-graph\">{\"@context\":\"https:\/\/schema.org\",\"@graph\":[{\"@type\":\"WebSite\",\"@id\":\"https:\/\/www.eeg-biofeedback-hradec.cz\/poradna\/#website\",\"url\":\"https:\/\/www.eeg-biofeedback-hradec.cz\/poradna\/\",\"name\":\"Poradna pro osobn\\u00ed a rodinn\\u00e9 vztahy | Radom\\u00edr a Petra Noskovi | Hradec Kr\\u00e1lov\\u00e9\",\"description\":\"\",\"potentialAction\":[{\"@type\":\"SearchAction\",\"target\":{\"@type\":\"EntryPoint\",\"urlTemplate\":\"https:\/\/www.eeg-biofeedback-hradec.cz\/poradna\/?s={search_term_string}\"},\"query-input\":\"required name=search_term_string\"}],\"inLanguage\":\"cs\"},{\"@type\":\"WebPage\",\"@id\":\"https:\/\/www.eeg-biofeedback-hradec.cz\/poradna\/parova-terapie\/#webpage\",\"url\":\"https:\/\/www.eeg-biofeedback-hradec.cz\/poradna\/parova-terapie\/\",\"name\":\"P\\u00e1rov\\u00e1 terapie - Poradna pro osobn\\u00ed a rodinn\\u00e9 vztahy | Radom\\u00edr a Petra Noskovi | Hradec Kr\\u00e1lov\\u00e9\",\"isPartOf\":{\"@id\":\"https:\/\/www.eeg-biofeedback-hradec.cz\/poradna\/#website\"},\"datePublished\":\"2017-02-17T17:31:54+00:00\",\"dateModified\":\"2017-02-23T00:06:48+00:00\",\"breadcrumb\":{\"@id\":\"https:\/\/www.eeg-biofeedback-hradec.cz\/poradna\/parova-terapie\/#breadcrumb\"},\"inLanguage\":\"cs\",\"potentialAction\":[{\"@type\":\"ReadAction\",\"target\":[\"https:\/\/www.eeg-biofeedback-hradec.cz\/poradna\/parova-terapie\/\"]}]},{\"@type\":\"BreadcrumbList\",\"@id\":\"https:\/\/www.eeg-biofeedback-hradec.cz\/poradna\/parova-terapie\/#breadcrumb\",\"itemListElement\":[{\"@type\":\"ListItem\",\"position\":1,\"name\":\"Dom\\u016f\",\"item\":\"https:\/\/www.eeg-biofeedback-hradec.cz\/poradna\/\"},{\"@type\":\"ListItem\",\"position\":2,\"name\":\"P\\u00e1rov\\u00e1 terapie\"}]}]}<\/script>\n<!-- \/ Yoast SEO plugin. -->","yoast_head_json":{"robots":{"index":"index","follow":"follow","max-snippet":"max-snippet:-1","max-image-preview":"max-image-preview:large","max-video-preview":"max-video-preview:-1"},"canonical":"https:\/\/www.eeg-biofeedback-hradec.cz\/poradna\/parova-terapie\/","og_locale":"cs_CZ","og_type":"article","og_title":"P\u00e1rov\u00e1 terapie - Poradna pro osobn\u00ed a rodinn\u00e9 vztahy | Radom\u00edr a Petra Noskovi | Hradec Kr\u00e1lov\u00e9","og_description":"Doprov\u00e1zen\u00ed p\u0159i sm\u00ed\u0159en\u00ed partner\u016f Do bezpe\u010dn\u00e9ho prost\u0159ed\u00ed p\u0159ich\u00e1z\u00ed spolu partne\u0159i, nebo matka a d\u00edt\u011b, sourozenci, nebo p\u0159\u00e1tel\u00e9, kte\u0159\u00ed se nemohou zbavit pot\u00ed\u017e\u00ed v komunikaci. Mnoho emoc\u00ed blokuje jejich vz\u00e1jemnou l\u00e1sku. Doprov\u00e1z\u00edm nap\u0159\u00edklad partnery tak, \u017ee jeden mluv\u00ed a sd\u011bluje sv\u00e9 pocity a t\u00edhu, kterou ve vztahu c\u00edt\u00ed. Neobvi\u0148uje, nesoud\u00ed, ale voln\u011b, svobodn\u011b vyj\u00e1d\u0159\u00ed, co c\u00edt\u00ed.... View Article","og_url":"https:\/\/www.eeg-biofeedback-hradec.cz\/poradna\/parova-terapie\/","og_site_name":"Poradna pro osobn\u00ed a rodinn\u00e9 vztahy | Radom\u00edr a Petra Noskovi | Hradec Kr\u00e1lov\u00e9","article_modified_time":"2017-02-23T00:06:48+00:00","twitter_card":"summary_large_image","twitter_misc":{"Odhadovan\u00e1 doba \u010dten\u00ed":"1 minuta"},"schema":{"@context":"https:\/\/schema.org","@graph":[{"@type":"WebSite","@id":"https:\/\/www.eeg-biofeedback-hradec.cz\/poradna\/#website","url":"https:\/\/www.eeg-biofeedback-hradec.cz\/poradna\/","name":"Poradna pro osobn\u00ed a rodinn\u00e9 vztahy | Radom\u00edr a Petra Noskovi | Hradec Kr\u00e1lov\u00e9","description":"","potentialAction":[{"@type":"SearchAction","target":{"@type":"EntryPoint","urlTemplate":"https:\/\/www.eeg-biofeedback-hradec.cz\/poradna\/?s={search_term_string}"},"query-input":"required name=search_term_string"}],"inLanguage":"cs"},{"@type":"WebPage","@id":"https:\/\/www.eeg-biofeedback-hradec.cz\/poradna\/parova-terapie\/#webpage","url":"https:\/\/www.eeg-biofeedback-hradec.cz\/poradna\/parova-terapie\/","name":"P\u00e1rov\u00e1 terapie - Poradna pro osobn\u00ed a rodinn\u00e9 vztahy | Radom\u00edr a Petra Noskovi | Hradec Kr\u00e1lov\u00e9","isPartOf":{"@id":"https:\/\/www.eeg-biofeedback-hradec.cz\/poradna\/#website"},"datePublished":"2017-02-17T17:31:54+00:00","dateModified":"2017-02-23T00:06:48+00:00","breadcrumb":{"@id":"https:\/\/www.eeg-biofeedback-hradec.cz\/poradna\/parova-terapie\/#breadcrumb"},"inLanguage":"cs","potentialAction":[{"@type":"ReadAction","target":["https:\/\/www.eeg-biofeedback-hradec.cz\/poradna\/parova-terapie\/"]}]},{"@type":"BreadcrumbList","@id":"https:\/\/www.eeg-biofeedback-hradec.cz\/poradna\/parova-terapie\/#breadcrumb","itemListElement":[{"@type":"ListItem","position":1,"name":"Dom\u016f","item":"https:\/\/www.eeg-biofeedback-hradec.cz\/poradna\/"},{"@type":"ListItem","position":2,"name":"P\u00e1rov\u00e1 terapie"}]}]}},"_links":{"self":[{"href":"http:\/\/www.eeg-biofeedback-hradec.cz\/poradna\/wp-json\/wp\/v2\/pages\/37"}],"collection":[{"href":"http:\/\/www.eeg-biofeedback-hradec.cz\/poradna\/wp-json\/wp\/v2\/pages"}],"about":[{"href":"http:\/\/www.eeg-biofeedback-hradec.cz\/poradna\/wp-json\/wp\/v2\/types\/page"}],"author":[{"embeddable":true,"href":"http:\/\/www.eeg-biofeedback-hradec.cz\/poradna\/wp-json\/wp\/v2\/users\/1"}],"replies":[{"embeddable":true,"href":"http:\/\/www.eeg-biofeedback-hradec.cz\/poradna\/wp-json\/wp\/v2\/comments?post=37"}],"version-history":[{"count":2,"href":"http:\/\/www.eeg-biofeedback-hradec.cz\/poradna\/wp-json\/wp\/v2\/pages\/37\/revisions"}],"predecessor-version":[{"id":86,"href":"http:\/\/www.eeg-biofeedback-hradec.cz\/poradna\/wp-json\/wp\/v2\/pages\/37\/revisions\/86"}],"wp:attachment":[{"href":"http:\/\/www.eeg-biofeedback-hradec.cz\/poradna\/wp-json\/wp\/v2\/media?parent=37"}],"curies":[{"name":"wp","href":"https:\/\/api.w.org\/{rel}","templated":true}]}}