{"id":40,"date":"2017-02-17T18:43:04","date_gmt":"2017-02-17T17:43:04","guid":{"rendered":"http:\/\/www.eeg-biofeedback-hradec.cz\/poradna\/?page_id=40"},"modified":"2017-02-17T18:44:36","modified_gmt":"2017-02-17T17:44:36","slug":"doprovazeni-pri-zavislostech","status":"publish","type":"page","link":"http:\/\/www.eeg-biofeedback-hradec.cz\/poradna\/doprovazeni-pri-zavislostech\/","title":{"rendered":"Doprov\u00e1zen\u00ed p\u0159i z\u00e1vislostech"},"content":{"rendered":"<p>M\u00e1m osobn\u00ed praxi v terapii z\u00e1vislost\u00ed.<br \/>\nPracoval jsem 3 roky v protialkoholn\u00ed l\u00e9\u010debn\u011b v \u017deliv\u011b a 1 rok s toxikomany.<\/p>\n<p>Tyto lidi p\u0159ij\u00edm\u00e1m jako sob\u011b rovn\u00e9. Pokud se rozhodnou abstinovat, je to velk\u00fd \u010din odvahy a zn\u00e1mka zralosti jejich du\u0161e.<br \/>\nAbstinuj\u00edc\u00ed z\u00e1visl\u00e9 opravdu obdivuji a budu velmi r\u00e1d, kdy\u017e se p\u0159ijdou sv\u011b\u0159it se sv\u00fdmi pot\u00ed\u017eemi a sny.<\/p>\n<p>Z\u00e1visl\u00fd \u010dlov\u011bk nem\u00e1 z\u016fstat s\u00e1m a odsouzen spole\u010dnost\u00ed. Pot\u0159ebuje doprov\u00e1zej\u00edc\u00edho, kter\u00fd m\u00e1 trp\u011blivost ho v\u017edy vyslechnout a dod\u00e1vat nad\u011bji, \u017ee stoj\u00ed za to \u017e\u00edt a m\u00edt budoucnost.<\/p>\n<p>Z\u00e1vislost se t\u00fdk\u00e1 i mnoha dal\u0161\u00edch oblast\u00ed \u017eivota. Je velmi roz\u0161\u00ed\u0159en\u00e1 z\u00e1vislost na pr\u00e1ci, na sportu, na po\u010d\u00edta\u010di a po\u010d\u00edta\u010dov\u00fdch hr\u00e1ch, na hazardn\u00edch hr\u00e1ch, na sexu, na rodi\u010d\u00edch, na partnerovi, na d\u011btech, na j\u00eddle, na z\u00e1\u017eitc\u00edch a dal\u0161\u00ed&#8230;<br \/>\nZ\u00e1vislost nen\u00ed l\u00e1ska, ale \u010dasto to tak vypad\u00e1..<br \/>\nZ\u00e1vislost oslabuje charakter a v\u016fli, l\u00e1ska naopak posiluje a vede ke svobod\u011b.<\/p>\n<p style=\"text-align: center;\"><strong>Miluj\u00edc\u00ed \u010dlov\u011bk, je zdrav\u00fd \u010dlov\u011bk.<\/strong><\/p>\n","protected":false},"excerpt":{"rendered":"M\u00e1m osobn\u00ed praxi v terapii z\u00e1vislost\u00ed. Pracoval jsem 3 roky v protialkoholn\u00ed l\u00e9\u010debn\u011b v \u017deliv\u011b a 1 rok s toxikomany. Tyto lidi p\u0159ij\u00edm\u00e1m jako sob\u011b rovn\u00e9. Pokud se rozhodnou abstinovat, je to velk\u00fd \u010din odvahy a zn\u00e1mka zralosti jejich du\u0161e. Abstinuj\u00edc\u00ed z\u00e1visl\u00e9 opravdu obdivuji a budu velmi r\u00e1d, kdy\u017e se p\u0159ijdou sv\u011b\u0159it se sv\u00fdmi pot\u00ed\u017eemi&#8230; <a class=\"view-article\" href=\"http:\/\/www.eeg-biofeedback-hradec.cz\/poradna\/doprovazeni-pri-zavislostech\/\">View Article<\/a>","protected":false},"author":1,"featured_media":0,"parent":0,"menu_order":0,"comment_status":"closed","ping_status":"closed","template":"","meta":[],"acf":[],"yoast_head":"<!-- This site is optimized with the Yoast SEO plugin v17.7.1 - https:\/\/yoast.com\/wordpress\/plugins\/seo\/ -->\n<meta name=\"robots\" content=\"index, follow, max-snippet:-1, max-image-preview:large, max-video-preview:-1\" \/>\n<link rel=\"canonical\" href=\"https:\/\/www.eeg-biofeedback-hradec.cz\/poradna\/doprovazeni-pri-zavislostech\/\" \/>\n<meta property=\"og:locale\" content=\"cs_CZ\" \/>\n<meta property=\"og:type\" content=\"article\" \/>\n<meta property=\"og:title\" content=\"Doprov\u00e1zen\u00ed p\u0159i z\u00e1vislostech - Poradna pro osobn\u00ed a rodinn\u00e9 vztahy | Radom\u00edr a Petra Noskovi | Hradec Kr\u00e1lov\u00e9\" \/>\n<meta property=\"og:description\" content=\"M\u00e1m osobn\u00ed praxi v terapii z\u00e1vislost\u00ed. Pracoval jsem 3 roky v protialkoholn\u00ed l\u00e9\u010debn\u011b v \u017deliv\u011b a 1 rok s toxikomany. Tyto lidi p\u0159ij\u00edm\u00e1m jako sob\u011b rovn\u00e9. Pokud se rozhodnou abstinovat, je to velk\u00fd \u010din odvahy a zn\u00e1mka zralosti jejich du\u0161e. Abstinuj\u00edc\u00ed z\u00e1visl\u00e9 opravdu obdivuji a budu velmi r\u00e1d, kdy\u017e se p\u0159ijdou sv\u011b\u0159it se sv\u00fdmi pot\u00ed\u017eemi... View Article\" \/>\n<meta property=\"og:url\" content=\"https:\/\/www.eeg-biofeedback-hradec.cz\/poradna\/doprovazeni-pri-zavislostech\/\" \/>\n<meta property=\"og:site_name\" content=\"Poradna pro osobn\u00ed a rodinn\u00e9 vztahy | Radom\u00edr a Petra Noskovi | Hradec Kr\u00e1lov\u00e9\" \/>\n<meta property=\"article:modified_time\" content=\"2017-02-17T17:44:36+00:00\" \/>\n<meta name=\"twitter:card\" content=\"summary_large_image\" \/>\n<meta name=\"twitter:label1\" content=\"Odhadovan\u00e1 doba \u010dten\u00ed\" \/>\n\t<meta name=\"twitter:data1\" content=\"1 minuta\" \/>\n<script type=\"application\/ld+json\" class=\"yoast-schema-graph\">{\"@context\":\"https:\/\/schema.org\",\"@graph\":[{\"@type\":\"WebSite\",\"@id\":\"https:\/\/www.eeg-biofeedback-hradec.cz\/poradna\/#website\",\"url\":\"https:\/\/www.eeg-biofeedback-hradec.cz\/poradna\/\",\"name\":\"Poradna pro osobn\\u00ed a rodinn\\u00e9 vztahy | Radom\\u00edr a Petra Noskovi | Hradec Kr\\u00e1lov\\u00e9\",\"description\":\"\",\"potentialAction\":[{\"@type\":\"SearchAction\",\"target\":{\"@type\":\"EntryPoint\",\"urlTemplate\":\"https:\/\/www.eeg-biofeedback-hradec.cz\/poradna\/?s={search_term_string}\"},\"query-input\":\"required name=search_term_string\"}],\"inLanguage\":\"cs\"},{\"@type\":\"WebPage\",\"@id\":\"https:\/\/www.eeg-biofeedback-hradec.cz\/poradna\/doprovazeni-pri-zavislostech\/#webpage\",\"url\":\"https:\/\/www.eeg-biofeedback-hradec.cz\/poradna\/doprovazeni-pri-zavislostech\/\",\"name\":\"Doprov\\u00e1zen\\u00ed p\\u0159i z\\u00e1vislostech - Poradna pro osobn\\u00ed a rodinn\\u00e9 vztahy | Radom\\u00edr a Petra Noskovi | Hradec Kr\\u00e1lov\\u00e9\",\"isPartOf\":{\"@id\":\"https:\/\/www.eeg-biofeedback-hradec.cz\/poradna\/#website\"},\"datePublished\":\"2017-02-17T17:43:04+00:00\",\"dateModified\":\"2017-02-17T17:44:36+00:00\",\"breadcrumb\":{\"@id\":\"https:\/\/www.eeg-biofeedback-hradec.cz\/poradna\/doprovazeni-pri-zavislostech\/#breadcrumb\"},\"inLanguage\":\"cs\",\"potentialAction\":[{\"@type\":\"ReadAction\",\"target\":[\"https:\/\/www.eeg-biofeedback-hradec.cz\/poradna\/doprovazeni-pri-zavislostech\/\"]}]},{\"@type\":\"BreadcrumbList\",\"@id\":\"https:\/\/www.eeg-biofeedback-hradec.cz\/poradna\/doprovazeni-pri-zavislostech\/#breadcrumb\",\"itemListElement\":[{\"@type\":\"ListItem\",\"position\":1,\"name\":\"Dom\\u016f\",\"item\":\"https:\/\/www.eeg-biofeedback-hradec.cz\/poradna\/\"},{\"@type\":\"ListItem\",\"position\":2,\"name\":\"Doprov\\u00e1zen\\u00ed p\\u0159i z\\u00e1vislostech\"}]}]}<\/script>\n<!-- \/ Yoast SEO plugin. -->","yoast_head_json":{"robots":{"index":"index","follow":"follow","max-snippet":"max-snippet:-1","max-image-preview":"max-image-preview:large","max-video-preview":"max-video-preview:-1"},"canonical":"https:\/\/www.eeg-biofeedback-hradec.cz\/poradna\/doprovazeni-pri-zavislostech\/","og_locale":"cs_CZ","og_type":"article","og_title":"Doprov\u00e1zen\u00ed p\u0159i z\u00e1vislostech - Poradna pro osobn\u00ed a rodinn\u00e9 vztahy | Radom\u00edr a Petra Noskovi | Hradec Kr\u00e1lov\u00e9","og_description":"M\u00e1m osobn\u00ed praxi v terapii z\u00e1vislost\u00ed. Pracoval jsem 3 roky v protialkoholn\u00ed l\u00e9\u010debn\u011b v \u017deliv\u011b a 1 rok s toxikomany. Tyto lidi p\u0159ij\u00edm\u00e1m jako sob\u011b rovn\u00e9. Pokud se rozhodnou abstinovat, je to velk\u00fd \u010din odvahy a zn\u00e1mka zralosti jejich du\u0161e. Abstinuj\u00edc\u00ed z\u00e1visl\u00e9 opravdu obdivuji a budu velmi r\u00e1d, kdy\u017e se p\u0159ijdou sv\u011b\u0159it se sv\u00fdmi pot\u00ed\u017eemi... View Article","og_url":"https:\/\/www.eeg-biofeedback-hradec.cz\/poradna\/doprovazeni-pri-zavislostech\/","og_site_name":"Poradna pro osobn\u00ed a rodinn\u00e9 vztahy | Radom\u00edr a Petra Noskovi | Hradec Kr\u00e1lov\u00e9","article_modified_time":"2017-02-17T17:44:36+00:00","twitter_card":"summary_large_image","twitter_misc":{"Odhadovan\u00e1 doba \u010dten\u00ed":"1 minuta"},"schema":{"@context":"https:\/\/schema.org","@graph":[{"@type":"WebSite","@id":"https:\/\/www.eeg-biofeedback-hradec.cz\/poradna\/#website","url":"https:\/\/www.eeg-biofeedback-hradec.cz\/poradna\/","name":"Poradna pro osobn\u00ed a rodinn\u00e9 vztahy | Radom\u00edr a Petra Noskovi | Hradec Kr\u00e1lov\u00e9","description":"","potentialAction":[{"@type":"SearchAction","target":{"@type":"EntryPoint","urlTemplate":"https:\/\/www.eeg-biofeedback-hradec.cz\/poradna\/?s={search_term_string}"},"query-input":"required name=search_term_string"}],"inLanguage":"cs"},{"@type":"WebPage","@id":"https:\/\/www.eeg-biofeedback-hradec.cz\/poradna\/doprovazeni-pri-zavislostech\/#webpage","url":"https:\/\/www.eeg-biofeedback-hradec.cz\/poradna\/doprovazeni-pri-zavislostech\/","name":"Doprov\u00e1zen\u00ed p\u0159i z\u00e1vislostech - Poradna pro osobn\u00ed a rodinn\u00e9 vztahy | Radom\u00edr a Petra Noskovi | Hradec Kr\u00e1lov\u00e9","isPartOf":{"@id":"https:\/\/www.eeg-biofeedback-hradec.cz\/poradna\/#website"},"datePublished":"2017-02-17T17:43:04+00:00","dateModified":"2017-02-17T17:44:36+00:00","breadcrumb":{"@id":"https:\/\/www.eeg-biofeedback-hradec.cz\/poradna\/doprovazeni-pri-zavislostech\/#breadcrumb"},"inLanguage":"cs","potentialAction":[{"@type":"ReadAction","target":["https:\/\/www.eeg-biofeedback-hradec.cz\/poradna\/doprovazeni-pri-zavislostech\/"]}]},{"@type":"BreadcrumbList","@id":"https:\/\/www.eeg-biofeedback-hradec.cz\/poradna\/doprovazeni-pri-zavislostech\/#breadcrumb","itemListElement":[{"@type":"ListItem","position":1,"name":"Dom\u016f","item":"https:\/\/www.eeg-biofeedback-hradec.cz\/poradna\/"},{"@type":"ListItem","position":2,"name":"Doprov\u00e1zen\u00ed p\u0159i z\u00e1vislostech"}]}]}},"_links":{"self":[{"href":"http:\/\/www.eeg-biofeedback-hradec.cz\/poradna\/wp-json\/wp\/v2\/pages\/40"}],"collection":[{"href":"http:\/\/www.eeg-biofeedback-hradec.cz\/poradna\/wp-json\/wp\/v2\/pages"}],"about":[{"href":"http:\/\/www.eeg-biofeedback-hradec.cz\/poradna\/wp-json\/wp\/v2\/types\/page"}],"author":[{"embeddable":true,"href":"http:\/\/www.eeg-biofeedback-hradec.cz\/poradna\/wp-json\/wp\/v2\/users\/1"}],"replies":[{"embeddable":true,"href":"http:\/\/www.eeg-biofeedback-hradec.cz\/poradna\/wp-json\/wp\/v2\/comments?post=40"}],"version-history":[{"count":2,"href":"http:\/\/www.eeg-biofeedback-hradec.cz\/poradna\/wp-json\/wp\/v2\/pages\/40\/revisions"}],"predecessor-version":[{"id":43,"href":"http:\/\/www.eeg-biofeedback-hradec.cz\/poradna\/wp-json\/wp\/v2\/pages\/40\/revisions\/43"}],"wp:attachment":[{"href":"http:\/\/www.eeg-biofeedback-hradec.cz\/poradna\/wp-json\/wp\/v2\/media?parent=40"}],"curies":[{"name":"wp","href":"https:\/\/api.w.org\/{rel}","templated":true}]}}