{"id":47,"date":"2017-02-17T18:47:41","date_gmt":"2017-02-17T17:47:41","guid":{"rendered":"http:\/\/www.eeg-biofeedback-hradec.cz\/poradna\/?page_id=47"},"modified":"2017-02-23T01:13:45","modified_gmt":"2017-02-23T00:13:45","slug":"galerie","status":"publish","type":"page","link":"http:\/\/www.eeg-biofeedback-hradec.cz\/poradna\/galerie\/","title":{"rendered":"Galerie"},"content":{"rendered":"<p><a href=\"http:\/\/www.eeg-biofeedback-hradec.cz\/poradna\/wp-content\/uploads\/sites\/3\/2017\/02\/01.jpg\"><img loading=\"lazy\" width=\"150\" height=\"150\" class=\"size-thumbnail wp-image-87 alignleft\" src=\"http:\/\/www.eeg-biofeedback-hradec.cz\/poradna\/wp-content\/uploads\/sites\/3\/2017\/02\/01-150x150.jpg\" alt=\"01\" \/><\/a> <a href=\"http:\/\/www.eeg-biofeedback-hradec.cz\/poradna\/wp-content\/uploads\/sites\/3\/2017\/02\/02.jpg\"><img loading=\"lazy\" width=\"150\" height=\"150\" class=\"size-thumbnail wp-image-88 alignleft\" src=\"http:\/\/www.eeg-biofeedback-hradec.cz\/poradna\/wp-content\/uploads\/sites\/3\/2017\/02\/02-150x150.jpg\" alt=\"02\" \/><\/a> <a href=\"http:\/\/www.eeg-biofeedback-hradec.cz\/poradna\/wp-content\/uploads\/sites\/3\/2017\/02\/03.jpg\"><img loading=\"lazy\" width=\"150\" height=\"150\" class=\"size-thumbnail wp-image-89 alignleft\" src=\"http:\/\/www.eeg-biofeedback-hradec.cz\/poradna\/wp-content\/uploads\/sites\/3\/2017\/02\/03-150x150.jpg\" alt=\"03\" \/><\/a> <a href=\"http:\/\/www.eeg-biofeedback-hradec.cz\/poradna\/wp-content\/uploads\/sites\/3\/2017\/02\/04.jpg\"><img loading=\"lazy\" width=\"150\" height=\"150\" class=\"size-thumbnail wp-image-90 alignleft\" src=\"http:\/\/www.eeg-biofeedback-hradec.cz\/poradna\/wp-content\/uploads\/sites\/3\/2017\/02\/04-150x150.jpg\" alt=\"04\" \/><\/a> <a href=\"http:\/\/www.eeg-biofeedback-hradec.cz\/poradna\/wp-content\/uploads\/sites\/3\/2017\/02\/05.jpg\"><img loading=\"lazy\" width=\"150\" height=\"150\" class=\"size-thumbnail wp-image-91 alignleft\" src=\"http:\/\/www.eeg-biofeedback-hradec.cz\/poradna\/wp-content\/uploads\/sites\/3\/2017\/02\/05-150x150.jpg\" alt=\"05\" \/><\/a> <a href=\"http:\/\/www.eeg-biofeedback-hradec.cz\/poradna\/wp-content\/uploads\/sites\/3\/2017\/02\/06.jpg\"><img loading=\"lazy\" width=\"150\" height=\"150\" class=\"size-thumbnail wp-image-92 alignleft\" src=\"http:\/\/www.eeg-biofeedback-hradec.cz\/poradna\/wp-content\/uploads\/sites\/3\/2017\/02\/06-150x150.jpg\" alt=\"06\" \/><\/a> <a href=\"http:\/\/www.eeg-biofeedback-hradec.cz\/poradna\/wp-content\/uploads\/sites\/3\/2017\/02\/07.jpg\"><img loading=\"lazy\" width=\"150\" height=\"150\" class=\"size-thumbnail wp-image-93 alignleft\" src=\"http:\/\/www.eeg-biofeedback-hradec.cz\/poradna\/wp-content\/uploads\/sites\/3\/2017\/02\/07-150x150.jpg\" alt=\"07\" \/><\/a> <a href=\"http:\/\/www.eeg-biofeedback-hradec.cz\/poradna\/wp-content\/uploads\/sites\/3\/2017\/02\/08.jpg\"><img loading=\"lazy\" width=\"150\" height=\"150\" class=\"size-thumbnail wp-image-94 alignleft\" src=\"http:\/\/www.eeg-biofeedback-hradec.cz\/poradna\/wp-content\/uploads\/sites\/3\/2017\/02\/08-150x150.jpg\" alt=\"08\" \/><\/a> <a href=\"http:\/\/www.eeg-biofeedback-hradec.cz\/poradna\/wp-content\/uploads\/sites\/3\/2017\/02\/09.jpg\"><img loading=\"lazy\" width=\"150\" height=\"150\" class=\"size-thumbnail wp-image-95 alignleft\" src=\"http:\/\/www.eeg-biofeedback-hradec.cz\/poradna\/wp-content\/uploads\/sites\/3\/2017\/02\/09-150x150.jpg\" alt=\"09\" \/><\/a><\/p>\n","protected":false},"excerpt":{"rendered":"","protected":false},"author":1,"featured_media":0,"parent":0,"menu_order":0,"comment_status":"closed","ping_status":"closed","template":"template-gallery.php","meta":[],"acf":[],"yoast_head":"<!-- This site is optimized with the Yoast SEO plugin v17.7.1 - https:\/\/yoast.com\/wordpress\/plugins\/seo\/ -->\n<meta name=\"robots\" content=\"index, follow, max-snippet:-1, max-image-preview:large, max-video-preview:-1\" \/>\n<link rel=\"canonical\" href=\"https:\/\/www.eeg-biofeedback-hradec.cz\/poradna\/galerie\/\" \/>\n<meta property=\"og:locale\" content=\"cs_CZ\" \/>\n<meta property=\"og:type\" content=\"article\" \/>\n<meta property=\"og:title\" content=\"Galerie - Poradna pro osobn\u00ed a rodinn\u00e9 vztahy | Radom\u00edr a Petra Noskovi | Hradec Kr\u00e1lov\u00e9\" \/>\n<meta property=\"og:url\" content=\"https:\/\/www.eeg-biofeedback-hradec.cz\/poradna\/galerie\/\" \/>\n<meta property=\"og:site_name\" content=\"Poradna pro osobn\u00ed a rodinn\u00e9 vztahy | Radom\u00edr a Petra Noskovi | Hradec Kr\u00e1lov\u00e9\" \/>\n<meta property=\"article:modified_time\" content=\"2017-02-23T00:13:45+00:00\" \/>\n<meta property=\"og:image\" content=\"http:\/\/www.eeg-biofeedback-hradec.cz\/poradna\/wp-content\/uploads\/sites\/3\/2017\/02\/01-150x150.jpg\" \/>\n<meta name=\"twitter:card\" content=\"summary_large_image\" \/>\n<script type=\"application\/ld+json\" class=\"yoast-schema-graph\">{\"@context\":\"https:\/\/schema.org\",\"@graph\":[{\"@type\":\"WebSite\",\"@id\":\"https:\/\/www.eeg-biofeedback-hradec.cz\/poradna\/#website\",\"url\":\"https:\/\/www.eeg-biofeedback-hradec.cz\/poradna\/\",\"name\":\"Poradna pro osobn\\u00ed a rodinn\\u00e9 vztahy | Radom\\u00edr a Petra Noskovi | Hradec Kr\\u00e1lov\\u00e9\",\"description\":\"\",\"potentialAction\":[{\"@type\":\"SearchAction\",\"target\":{\"@type\":\"EntryPoint\",\"urlTemplate\":\"https:\/\/www.eeg-biofeedback-hradec.cz\/poradna\/?s={search_term_string}\"},\"query-input\":\"required name=search_term_string\"}],\"inLanguage\":\"cs\"},{\"@type\":\"ImageObject\",\"@id\":\"https:\/\/www.eeg-biofeedback-hradec.cz\/poradna\/galerie\/#primaryimage\",\"inLanguage\":\"cs\",\"url\":\"http:\/\/www.eeg-biofeedback-hradec.cz\/poradna\/wp-content\/uploads\/sites\/3\/2017\/02\/01.jpg\",\"contentUrl\":\"http:\/\/www.eeg-biofeedback-hradec.cz\/poradna\/wp-content\/uploads\/sites\/3\/2017\/02\/01.jpg\",\"width\":2000,\"height\":1123},{\"@type\":\"WebPage\",\"@id\":\"https:\/\/www.eeg-biofeedback-hradec.cz\/poradna\/galerie\/#webpage\",\"url\":\"https:\/\/www.eeg-biofeedback-hradec.cz\/poradna\/galerie\/\",\"name\":\"Galerie - Poradna pro osobn\\u00ed a rodinn\\u00e9 vztahy | Radom\\u00edr a Petra Noskovi | Hradec Kr\\u00e1lov\\u00e9\",\"isPartOf\":{\"@id\":\"https:\/\/www.eeg-biofeedback-hradec.cz\/poradna\/#website\"},\"primaryImageOfPage\":{\"@id\":\"https:\/\/www.eeg-biofeedback-hradec.cz\/poradna\/galerie\/#primaryimage\"},\"datePublished\":\"2017-02-17T17:47:41+00:00\",\"dateModified\":\"2017-02-23T00:13:45+00:00\",\"breadcrumb\":{\"@id\":\"https:\/\/www.eeg-biofeedback-hradec.cz\/poradna\/galerie\/#breadcrumb\"},\"inLanguage\":\"cs\",\"potentialAction\":[{\"@type\":\"ReadAction\",\"target\":[\"https:\/\/www.eeg-biofeedback-hradec.cz\/poradna\/galerie\/\"]}]},{\"@type\":\"BreadcrumbList\",\"@id\":\"https:\/\/www.eeg-biofeedback-hradec.cz\/poradna\/galerie\/#breadcrumb\",\"itemListElement\":[{\"@type\":\"ListItem\",\"position\":1,\"name\":\"Dom\\u016f\",\"item\":\"https:\/\/www.eeg-biofeedback-hradec.cz\/poradna\/\"},{\"@type\":\"ListItem\",\"position\":2,\"name\":\"Galerie\"}]}]}<\/script>\n<!-- \/ Yoast SEO plugin. -->","yoast_head_json":{"robots":{"index":"index","follow":"follow","max-snippet":"max-snippet:-1","max-image-preview":"max-image-preview:large","max-video-preview":"max-video-preview:-1"},"canonical":"https:\/\/www.eeg-biofeedback-hradec.cz\/poradna\/galerie\/","og_locale":"cs_CZ","og_type":"article","og_title":"Galerie - Poradna pro osobn\u00ed a rodinn\u00e9 vztahy | Radom\u00edr a Petra Noskovi | Hradec Kr\u00e1lov\u00e9","og_url":"https:\/\/www.eeg-biofeedback-hradec.cz\/poradna\/galerie\/","og_site_name":"Poradna pro osobn\u00ed a rodinn\u00e9 vztahy | Radom\u00edr a Petra Noskovi | Hradec Kr\u00e1lov\u00e9","article_modified_time":"2017-02-23T00:13:45+00:00","og_image":[{"url":"http:\/\/www.eeg-biofeedback-hradec.cz\/poradna\/wp-content\/uploads\/sites\/3\/2017\/02\/01-150x150.jpg"}],"twitter_card":"summary_large_image","schema":{"@context":"https:\/\/schema.org","@graph":[{"@type":"WebSite","@id":"https:\/\/www.eeg-biofeedback-hradec.cz\/poradna\/#website","url":"https:\/\/www.eeg-biofeedback-hradec.cz\/poradna\/","name":"Poradna pro osobn\u00ed a rodinn\u00e9 vztahy | Radom\u00edr a Petra Noskovi | Hradec Kr\u00e1lov\u00e9","description":"","potentialAction":[{"@type":"SearchAction","target":{"@type":"EntryPoint","urlTemplate":"https:\/\/www.eeg-biofeedback-hradec.cz\/poradna\/?s={search_term_string}"},"query-input":"required name=search_term_string"}],"inLanguage":"cs"},{"@type":"ImageObject","@id":"https:\/\/www.eeg-biofeedback-hradec.cz\/poradna\/galerie\/#primaryimage","inLanguage":"cs","url":"http:\/\/www.eeg-biofeedback-hradec.cz\/poradna\/wp-content\/uploads\/sites\/3\/2017\/02\/01.jpg","contentUrl":"http:\/\/www.eeg-biofeedback-hradec.cz\/poradna\/wp-content\/uploads\/sites\/3\/2017\/02\/01.jpg","width":2000,"height":1123},{"@type":"WebPage","@id":"https:\/\/www.eeg-biofeedback-hradec.cz\/poradna\/galerie\/#webpage","url":"https:\/\/www.eeg-biofeedback-hradec.cz\/poradna\/galerie\/","name":"Galerie - Poradna pro osobn\u00ed a rodinn\u00e9 vztahy | Radom\u00edr a Petra Noskovi | Hradec Kr\u00e1lov\u00e9","isPartOf":{"@id":"https:\/\/www.eeg-biofeedback-hradec.cz\/poradna\/#website"},"primaryImageOfPage":{"@id":"https:\/\/www.eeg-biofeedback-hradec.cz\/poradna\/galerie\/#primaryimage"},"datePublished":"2017-02-17T17:47:41+00:00","dateModified":"2017-02-23T00:13:45+00:00","breadcrumb":{"@id":"https:\/\/www.eeg-biofeedback-hradec.cz\/poradna\/galerie\/#breadcrumb"},"inLanguage":"cs","potentialAction":[{"@type":"ReadAction","target":["https:\/\/www.eeg-biofeedback-hradec.cz\/poradna\/galerie\/"]}]},{"@type":"BreadcrumbList","@id":"https:\/\/www.eeg-biofeedback-hradec.cz\/poradna\/galerie\/#breadcrumb","itemListElement":[{"@type":"ListItem","position":1,"name":"Dom\u016f","item":"https:\/\/www.eeg-biofeedback-hradec.cz\/poradna\/"},{"@type":"ListItem","position":2,"name":"Galerie"}]}]}},"_links":{"self":[{"href":"http:\/\/www.eeg-biofeedback-hradec.cz\/poradna\/wp-json\/wp\/v2\/pages\/47"}],"collection":[{"href":"http:\/\/www.eeg-biofeedback-hradec.cz\/poradna\/wp-json\/wp\/v2\/pages"}],"about":[{"href":"http:\/\/www.eeg-biofeedback-hradec.cz\/poradna\/wp-json\/wp\/v2\/types\/page"}],"author":[{"embeddable":true,"href":"http:\/\/www.eeg-biofeedback-hradec.cz\/poradna\/wp-json\/wp\/v2\/users\/1"}],"replies":[{"embeddable":true,"href":"http:\/\/www.eeg-biofeedback-hradec.cz\/poradna\/wp-json\/wp\/v2\/comments?post=47"}],"version-history":[{"count":6,"href":"http:\/\/www.eeg-biofeedback-hradec.cz\/poradna\/wp-json\/wp\/v2\/pages\/47\/revisions"}],"predecessor-version":[{"id":98,"href":"http:\/\/www.eeg-biofeedback-hradec.cz\/poradna\/wp-json\/wp\/v2\/pages\/47\/revisions\/98"}],"wp:attachment":[{"href":"http:\/\/www.eeg-biofeedback-hradec.cz\/poradna\/wp-json\/wp\/v2\/media?parent=47"}],"curies":[{"name":"wp","href":"https:\/\/api.w.org\/{rel}","templated":true}]}}