{"id":50,"date":"2017-02-17T18:52:37","date_gmt":"2017-02-17T17:52:37","guid":{"rendered":"http:\/\/www.eeg-biofeedback-hradec.cz\/poradna\/?page_id=50"},"modified":"2017-02-17T18:52:37","modified_gmt":"2017-02-17T17:52:37","slug":"slovo-uvodem","status":"publish","type":"page","link":"http:\/\/www.eeg-biofeedback-hradec.cz\/poradna\/slovo-uvodem\/","title":{"rendered":"Slovo \u00favodem"},"content":{"rendered":"<h2>Poradna pro osobn\u00ed a rodinn\u00e9 vztahy<\/h2>\n<p>Zdrav\u00e9 vztahy jsou z\u00e1kladem \u0161t\u011bst\u00ed a to ve v\u0161ech sm\u011brech &#8211; vztah k sob\u011b, k rodi\u010d\u016fm, k partnerovi, k d\u011btech i k okol\u00ed, kde \u017eijeme.<\/p>\n<p>Dle dlouhodob\u00e9ho pr\u016fzkumu odborn\u00edky a pozorov\u00e1n\u00edm lid\u00ed, kte\u0159\u00ed do dotazn\u00edku vyplnili, \u017ee jsou v \u017eivot\u011b \u0161\u0165astn\u00ed, vy\u0161lo najevo, \u010d\u00edm se tito lid\u00e9 li\u0161\u00ed od b\u011b\u017en\u00e9 populace.<\/p>\n<p>Je to zdrav\u00fd vztah k sob\u011b sam\u00fdm. Bez ohledu na to, kolik maj\u00ed majetku a jak\u00e9 prost\u0159ed\u00ed je obklopuje.<\/p>\n<p>V na\u0161\u00ed poradn\u011b jsme zam\u011b\u0159eni na tyto vztahy a pom\u016f\u017eeme v\u00e1m naj\u00edt cestu k sob\u011b a druh\u00fdm lidem.<\/p>\n<p>M\u00e1m 20ti letou praxi v psychoterapii. Pro\u0161el jsem v\u00fdcvikem, i na ,,vlastn\u00ed k\u016f\u017ei\u201c jsem pro\u017eil terapie, kter\u00e9 nab\u00edz\u00edm. Byl jsem 10 let v terapeutick\u00e9m t\u00fdmu PhDr. J. Prekopov\u00e9 a PhDr. J. \u0160turmy a 15 let jsem vedl semin\u00e1\u0159e rodinn\u00fdch konstelac\u00ed.<\/p>\n<p>Kdo p\u0159ijde do na\u0161\u00ed poradny, bude p\u0159iv\u00edt\u00e1n p\u0159\u00e1telsky a s \u00factou. Velmi si v\u00e1\u017e\u00edm ka\u017ed\u00e9ho, kdo je ochoten na sob\u011b pracovat!<br \/>\nJe to odv\u00e1\u017en\u00fd \u010din hodn\u00fd obdivu.<\/p>\n<h2>Odborn\u00e1 konzultace<\/h2>\n<p>M\u016fj star\u0161\u00ed bratr Karel, kter\u00fd m\u011b byl v\u017edy vzorem s jeho bohat\u00fdm vzd\u011bl\u00e1n\u00edm a zku\u0161enostmi, souhlasil, \u017ee n\u00e1m bude odborn\u00fdm konzultantem.<\/p>\n<p>M\u00e1 dlouholet\u00e9 zku\u0161enosti s d\u011btmi i dosp\u011bl\u00fdmi. Jako d\u011btsk\u00fd psycholog p\u016fsobil v l\u00e9\u010debn\u011b v J\u00e1nsk\u00fdch l\u00e1zn\u00edch. Pracoval na diagnostice a na l\u00e9\u010db\u011b t\u011blesn\u011b posti\u017een\u00fdch d\u011bt\u00ed muzikoterapi\u00ed.<\/p>\n<p>Mnoha rodin\u00e1m pomohl. Doprov\u00e1zel rodi\u010de posti\u017een\u00fdch d\u011bt\u00ed a dod\u00e1val jim nad\u011bji un\u00e9st jejich t\u011b\u017ek\u00fd \u00fad\u011bl.<\/p>\n<p>Pozd\u011bji pracoval jako \u0159editel obchodn\u00ed akademie pro t\u011blesn\u011b posti\u017een\u00e9, kde u\u010dil jazyky i jin\u00e9 p\u0159edm\u011bty. Zam\u011bstnanci si ho velmi v\u00e1\u017eili.<\/p>\n<p>Jeho sehran\u00fd t\u00fdm pomohl mnoha d\u011btem na voz\u00edku, naj\u00edt sv\u00e9 m\u00edsto v \u017eivot\u011b.<br \/>\nKrom\u011b jin\u00e9ho, je dlouh\u00e9 roky uzn\u00e1van\u00fdm soudn\u00edm znalcem pro vypracov\u00e1n\u00ed psychologick\u00fdch posudk\u016f pro d\u011bti rozv\u00e1d\u011bj\u00edc\u00edch se rodi\u010d\u016f.<\/p>\n","protected":false},"excerpt":{"rendered":"Poradna pro osobn\u00ed a rodinn\u00e9 vztahy Zdrav\u00e9 vztahy jsou z\u00e1kladem \u0161t\u011bst\u00ed a to ve v\u0161ech sm\u011brech &#8211; vztah k sob\u011b, k rodi\u010d\u016fm, k partnerovi, k d\u011btech i k okol\u00ed, kde \u017eijeme. Dle dlouhodob\u00e9ho pr\u016fzkumu odborn\u00edky a pozorov\u00e1n\u00edm lid\u00ed, kte\u0159\u00ed do dotazn\u00edku vyplnili, \u017ee jsou v \u017eivot\u011b \u0161\u0165astn\u00ed, vy\u0161lo najevo, \u010d\u00edm se tito lid\u00e9 li\u0161\u00ed od&#8230; <a class=\"view-article\" href=\"http:\/\/www.eeg-biofeedback-hradec.cz\/poradna\/slovo-uvodem\/\">View Article<\/a>","protected":false},"author":1,"featured_media":0,"parent":0,"menu_order":0,"comment_status":"closed","ping_status":"closed","template":"","meta":[],"acf":[],"yoast_head":"<!-- This site is optimized with the Yoast SEO plugin v17.7.1 - https:\/\/yoast.com\/wordpress\/plugins\/seo\/ -->\n<meta name=\"robots\" content=\"index, follow, max-snippet:-1, max-image-preview:large, max-video-preview:-1\" \/>\n<link rel=\"canonical\" href=\"https:\/\/www.eeg-biofeedback-hradec.cz\/poradna\/slovo-uvodem\/\" \/>\n<meta property=\"og:locale\" content=\"cs_CZ\" \/>\n<meta property=\"og:type\" content=\"article\" \/>\n<meta property=\"og:title\" content=\"Slovo \u00favodem - Poradna pro osobn\u00ed a rodinn\u00e9 vztahy | Radom\u00edr a Petra Noskovi | Hradec Kr\u00e1lov\u00e9\" \/>\n<meta property=\"og:description\" content=\"Poradna pro osobn\u00ed a rodinn\u00e9 vztahy Zdrav\u00e9 vztahy jsou z\u00e1kladem \u0161t\u011bst\u00ed a to ve v\u0161ech sm\u011brech &#8211; vztah k sob\u011b, k rodi\u010d\u016fm, k partnerovi, k d\u011btech i k okol\u00ed, kde \u017eijeme. Dle dlouhodob\u00e9ho pr\u016fzkumu odborn\u00edky a pozorov\u00e1n\u00edm lid\u00ed, kte\u0159\u00ed do dotazn\u00edku vyplnili, \u017ee jsou v \u017eivot\u011b \u0161\u0165astn\u00ed, vy\u0161lo najevo, \u010d\u00edm se tito lid\u00e9 li\u0161\u00ed od... View Article\" \/>\n<meta property=\"og:url\" content=\"https:\/\/www.eeg-biofeedback-hradec.cz\/poradna\/slovo-uvodem\/\" \/>\n<meta property=\"og:site_name\" content=\"Poradna pro osobn\u00ed a rodinn\u00e9 vztahy | Radom\u00edr a Petra Noskovi | Hradec Kr\u00e1lov\u00e9\" \/>\n<meta name=\"twitter:card\" content=\"summary_large_image\" \/>\n<meta name=\"twitter:label1\" content=\"Odhadovan\u00e1 doba \u010dten\u00ed\" \/>\n\t<meta name=\"twitter:data1\" content=\"2 minuty\" \/>\n<script type=\"application\/ld+json\" class=\"yoast-schema-graph\">{\"@context\":\"https:\/\/schema.org\",\"@graph\":[{\"@type\":\"WebSite\",\"@id\":\"https:\/\/www.eeg-biofeedback-hradec.cz\/poradna\/#website\",\"url\":\"https:\/\/www.eeg-biofeedback-hradec.cz\/poradna\/\",\"name\":\"Poradna pro osobn\\u00ed a rodinn\\u00e9 vztahy | Radom\\u00edr a Petra Noskovi | Hradec Kr\\u00e1lov\\u00e9\",\"description\":\"\",\"potentialAction\":[{\"@type\":\"SearchAction\",\"target\":{\"@type\":\"EntryPoint\",\"urlTemplate\":\"https:\/\/www.eeg-biofeedback-hradec.cz\/poradna\/?s={search_term_string}\"},\"query-input\":\"required name=search_term_string\"}],\"inLanguage\":\"cs\"},{\"@type\":\"WebPage\",\"@id\":\"https:\/\/www.eeg-biofeedback-hradec.cz\/poradna\/slovo-uvodem\/#webpage\",\"url\":\"https:\/\/www.eeg-biofeedback-hradec.cz\/poradna\/slovo-uvodem\/\",\"name\":\"Slovo \\u00favodem - Poradna pro osobn\\u00ed a rodinn\\u00e9 vztahy | Radom\\u00edr a Petra Noskovi | Hradec Kr\\u00e1lov\\u00e9\",\"isPartOf\":{\"@id\":\"https:\/\/www.eeg-biofeedback-hradec.cz\/poradna\/#website\"},\"datePublished\":\"2017-02-17T17:52:37+00:00\",\"dateModified\":\"2017-02-17T17:52:37+00:00\",\"breadcrumb\":{\"@id\":\"https:\/\/www.eeg-biofeedback-hradec.cz\/poradna\/slovo-uvodem\/#breadcrumb\"},\"inLanguage\":\"cs\",\"potentialAction\":[{\"@type\":\"ReadAction\",\"target\":[\"https:\/\/www.eeg-biofeedback-hradec.cz\/poradna\/slovo-uvodem\/\"]}]},{\"@type\":\"BreadcrumbList\",\"@id\":\"https:\/\/www.eeg-biofeedback-hradec.cz\/poradna\/slovo-uvodem\/#breadcrumb\",\"itemListElement\":[{\"@type\":\"ListItem\",\"position\":1,\"name\":\"Dom\\u016f\",\"item\":\"https:\/\/www.eeg-biofeedback-hradec.cz\/poradna\/\"},{\"@type\":\"ListItem\",\"position\":2,\"name\":\"Slovo \\u00favodem\"}]}]}<\/script>\n<!-- \/ Yoast SEO plugin. -->","yoast_head_json":{"robots":{"index":"index","follow":"follow","max-snippet":"max-snippet:-1","max-image-preview":"max-image-preview:large","max-video-preview":"max-video-preview:-1"},"canonical":"https:\/\/www.eeg-biofeedback-hradec.cz\/poradna\/slovo-uvodem\/","og_locale":"cs_CZ","og_type":"article","og_title":"Slovo \u00favodem - Poradna pro osobn\u00ed a rodinn\u00e9 vztahy | Radom\u00edr a Petra Noskovi | Hradec Kr\u00e1lov\u00e9","og_description":"Poradna pro osobn\u00ed a rodinn\u00e9 vztahy Zdrav\u00e9 vztahy jsou z\u00e1kladem \u0161t\u011bst\u00ed a to ve v\u0161ech sm\u011brech &#8211; vztah k sob\u011b, k rodi\u010d\u016fm, k partnerovi, k d\u011btech i k okol\u00ed, kde \u017eijeme. Dle dlouhodob\u00e9ho pr\u016fzkumu odborn\u00edky a pozorov\u00e1n\u00edm lid\u00ed, kte\u0159\u00ed do dotazn\u00edku vyplnili, \u017ee jsou v \u017eivot\u011b \u0161\u0165astn\u00ed, vy\u0161lo najevo, \u010d\u00edm se tito lid\u00e9 li\u0161\u00ed od... View Article","og_url":"https:\/\/www.eeg-biofeedback-hradec.cz\/poradna\/slovo-uvodem\/","og_site_name":"Poradna pro osobn\u00ed a rodinn\u00e9 vztahy | Radom\u00edr a Petra Noskovi | Hradec Kr\u00e1lov\u00e9","twitter_card":"summary_large_image","twitter_misc":{"Odhadovan\u00e1 doba \u010dten\u00ed":"2 minuty"},"schema":{"@context":"https:\/\/schema.org","@graph":[{"@type":"WebSite","@id":"https:\/\/www.eeg-biofeedback-hradec.cz\/poradna\/#website","url":"https:\/\/www.eeg-biofeedback-hradec.cz\/poradna\/","name":"Poradna pro osobn\u00ed a rodinn\u00e9 vztahy | Radom\u00edr a Petra Noskovi | Hradec Kr\u00e1lov\u00e9","description":"","potentialAction":[{"@type":"SearchAction","target":{"@type":"EntryPoint","urlTemplate":"https:\/\/www.eeg-biofeedback-hradec.cz\/poradna\/?s={search_term_string}"},"query-input":"required name=search_term_string"}],"inLanguage":"cs"},{"@type":"WebPage","@id":"https:\/\/www.eeg-biofeedback-hradec.cz\/poradna\/slovo-uvodem\/#webpage","url":"https:\/\/www.eeg-biofeedback-hradec.cz\/poradna\/slovo-uvodem\/","name":"Slovo \u00favodem - Poradna pro osobn\u00ed a rodinn\u00e9 vztahy | Radom\u00edr a Petra Noskovi | Hradec Kr\u00e1lov\u00e9","isPartOf":{"@id":"https:\/\/www.eeg-biofeedback-hradec.cz\/poradna\/#website"},"datePublished":"2017-02-17T17:52:37+00:00","dateModified":"2017-02-17T17:52:37+00:00","breadcrumb":{"@id":"https:\/\/www.eeg-biofeedback-hradec.cz\/poradna\/slovo-uvodem\/#breadcrumb"},"inLanguage":"cs","potentialAction":[{"@type":"ReadAction","target":["https:\/\/www.eeg-biofeedback-hradec.cz\/poradna\/slovo-uvodem\/"]}]},{"@type":"BreadcrumbList","@id":"https:\/\/www.eeg-biofeedback-hradec.cz\/poradna\/slovo-uvodem\/#breadcrumb","itemListElement":[{"@type":"ListItem","position":1,"name":"Dom\u016f","item":"https:\/\/www.eeg-biofeedback-hradec.cz\/poradna\/"},{"@type":"ListItem","position":2,"name":"Slovo \u00favodem"}]}]}},"_links":{"self":[{"href":"http:\/\/www.eeg-biofeedback-hradec.cz\/poradna\/wp-json\/wp\/v2\/pages\/50"}],"collection":[{"href":"http:\/\/www.eeg-biofeedback-hradec.cz\/poradna\/wp-json\/wp\/v2\/pages"}],"about":[{"href":"http:\/\/www.eeg-biofeedback-hradec.cz\/poradna\/wp-json\/wp\/v2\/types\/page"}],"author":[{"embeddable":true,"href":"http:\/\/www.eeg-biofeedback-hradec.cz\/poradna\/wp-json\/wp\/v2\/users\/1"}],"replies":[{"embeddable":true,"href":"http:\/\/www.eeg-biofeedback-hradec.cz\/poradna\/wp-json\/wp\/v2\/comments?post=50"}],"version-history":[{"count":1,"href":"http:\/\/www.eeg-biofeedback-hradec.cz\/poradna\/wp-json\/wp\/v2\/pages\/50\/revisions"}],"predecessor-version":[{"id":51,"href":"http:\/\/www.eeg-biofeedback-hradec.cz\/poradna\/wp-json\/wp\/v2\/pages\/50\/revisions\/51"}],"wp:attachment":[{"href":"http:\/\/www.eeg-biofeedback-hradec.cz\/poradna\/wp-json\/wp\/v2\/media?parent=50"}],"curies":[{"name":"wp","href":"https:\/\/api.w.org\/{rel}","templated":true}]}}