{"id":20,"date":"2017-02-17T13:56:31","date_gmt":"2017-02-17T12:56:31","guid":{"rendered":"http:\/\/www.eeg-biofeedback-hradec.cz\/eeg\/?page_id=20"},"modified":"2017-02-23T00:36:59","modified_gmt":"2017-02-22T23:36:59","slug":"co-je-eeg-biofeedback","status":"publish","type":"page","link":"https:\/\/www.eeg-biofeedback-hradec.cz\/eeg\/co-je-eeg-biofeedback\/","title":{"rendered":"Co je EEG Biofeedback?"},"content":{"rendered":"<p><strong>EEG Biofeedback (zkr\u00e1cen\u011b BFB)<\/strong> je \u00fa\u010dinn\u00e1 psychoterapeutick\u00e1 metoda, d\u00edky kter\u00e9 m\u016f\u017eeme p\u0159irozenou cestou trvale zlep\u0161ovat \u010dinnost mozku.<br \/>\nUmo\u017e\u0148uje n\u00e1m tedy pomoc\u00ed tzv. <span class=\"tooltips \" style=\"\" title=\"Biologick\u00e1 zp\u011btn\u00e1 vazba je p\u0159irozenou sou\u010d\u00e1st\u00ed ka\u017ed\u00e9ho z n\u00e1s. Pod\u00edvejme se na d\u00edt\u011b, kter\u00e9 se u\u010d\u00ed chodit. D\u00edt\u011b metodou pokus-omyl, tedy p\u0159es p\u0159irozenou zp\u011btnou vazbu, jasn\u011b vid\u00ed, kdy je v rovnov\u00e1ze a kdy ne. Jeho mozek hled\u00e1 cestu, jak rovnov\u00e1hu udr\u017eet. Spr\u00e1vn\u00e1 aktivita mozku se fixuje a vznik\u00e1 dovednost, kter\u00e1 po ur\u010dit\u00e9m po\u010dtu pokus\u016f z\u016fst\u00e1v\u00e1 v mozku trvale.\">biologick\u00e9 zp\u011btn\u00e9 vazby<\/span> v\u011bdom\u011b ovl\u00e1dat na\u0161i <span class=\"tooltips \" style=\"\" title=\"Mozkovou aktivitu ale vid\u011bt nem\u016f\u017eeme.&lt;br \/&gt;\nProto n\u00e1m pom\u00e1h\u00e1 p\u0159\u00edstroj BFB, kter\u00fd n\u00e1m umo\u017e\u0148uje nahl\u00e9dnout do na\u0161ich mozkov\u00fdch vln. M\u016f\u017eeme tedy p\u0159\u00edmo ovlivnit stav bd\u011blosti a stresu..a t\u00edm z\u00edskat lep\u0161\u00ed schopnost u\u010den\u00ed i celkov\u00e9 stability.\">mozkovou aktivitu<\/span>. Je to vlastn\u011b strategie sebeu\u010den\u00ed, kdy v\u011bdom\u011b ovl\u00e1d\u00e1me sv\u00e9 mozkov\u00e9 vlny.<\/p>\n<p>Poch\u00e1z\u00ed ze Spojen\u00fdch st\u00e1t\u016f, kde ji na l\u00e9ka\u0159sk\u00e9 fakult\u011b Kaliformsk\u00e9 Univerzity vyvinul americk\u00fd neurofyziolog, <strong>Prof. Barry Sterman.<\/strong><br \/>\nP\u0159\u00edstroj vznikl v 70. letech 20. stolet\u00ed na zak\u00e1zku americk\u00e9ho kosmick\u00e9ho programu NASA .<br \/>\nJeho c\u00edlem bylo zv\u00fd\u0161en\u00ed psychick\u00e9 i fyzick\u00e9 odolnosti kosmonaut\u016f.<br \/>\nV dob\u011b, kdy Prof. Sterman dostal zak\u00e1zku od NASA, pracoval pr\u00e1v\u011b s ko\u010dkami. Zkoumal jejich sp\u00e1nkov\u00fd cyklus a pracoval s jejich EEG.<br \/>\nKo\u010dky maj\u00ed bl\u00edzko ke zrakov\u00e9 pozornosti \u010dlov\u011bka a dok\u00e1\u017e\u00ed reagovat zp\u016fsobem, kter\u00fd se v\u011bt\u0161ina zv\u00ed\u0159at nenau\u010d\u00ed.<\/p>\n<p>Profesor zjistil, \u017ee d\u00edky sv\u00e9 zv\u00eddavosti ko\u010dky postupn\u011b um\u011bly p\u0159i rozsv\u00edcen\u00ed sv\u011btla, vy\u010dkat, ,,\u010d\u00edhat\u201c na spr\u00e1vn\u00fd okam\u017eik, kdy stistkly packou ur\u010ditou p\u00e1\u010dku a vypadlo jim krmen\u00ed. Pokud odhadly \u010das \u0161patn\u011b, krmen\u00ed nevypadlo.T\u011bmito tr\u00e9ninky Sterman trvale zv\u00fd\u0161il jejich senzoromotorickou frekvenci (SMR).<br \/>\nPozd\u011bji p\u0159i testov\u00e1n\u00ed zjistil, \u017ee tr\u00e9novan\u00e9 ko\u010dky jsou a\u017e <strong>10x odoln\u011bj\u0161\u00ed<\/strong> v\u016f\u010di stresu a z\u00e1t\u011b\u017ei.<\/p>\n<p><strong>Tr\u00e9nink EEG Biofeedback<\/strong> se stal sou\u010d\u00e1st\u00ed p\u0159\u00edpravy kosmonaut\u016f a vojensk\u00fdch pilot\u016f.<br \/>\nV 80. letech ho p\u0159evzali ameri\u010dt\u00ed psychologov\u00e9, psychiat\u0159i a pedagogi\u010dt\u00ed pracovn\u00edci pro zlep\u0161en\u00ed pozornosti u d\u011bt\u00ed i dosp\u011bl\u00edch.<br \/>\nV roce 1997 se dostala p\u0159es <strong>PhDr. J. Tyla<\/strong> metoda EEG Biofeedback do \u010cesk\u00e9 republiky.<\/p>\n","protected":false},"excerpt":{"rendered":"EEG Biofeedback (zkr\u00e1cen\u011b BFB) je \u00fa\u010dinn\u00e1 psychoterapeutick\u00e1 metoda, d\u00edky kter\u00e9 m\u016f\u017eeme p\u0159irozenou cestou trvale zlep\u0161ovat \u010dinnost mozku. Umo\u017e\u0148uje n\u00e1m tedy pomoc\u00ed tzv. v\u011bdom\u011b ovl\u00e1dat na\u0161i . Je to vlastn\u011b strategie sebeu\u010den\u00ed, kdy v\u011bdom\u011b ovl\u00e1d\u00e1me sv\u00e9 mozkov\u00e9 vlny. Poch\u00e1z\u00ed ze Spojen\u00fdch st\u00e1t\u016f, kde ji na l\u00e9ka\u0159sk\u00e9 fakult\u011b Kaliformsk\u00e9 Univerzity vyvinul americk\u00fd neurofyziolog, Prof. Barry Sterman. P\u0159\u00edstroj&#8230; <a class=\"view-article\" href=\"https:\/\/www.eeg-biofeedback-hradec.cz\/eeg\/co-je-eeg-biofeedback\/\">View Article<\/a>","protected":false},"author":1,"featured_media":0,"parent":0,"menu_order":0,"comment_status":"closed","ping_status":"closed","template":"","meta":[],"acf":[],"yoast_head":"<!-- This site is optimized with the Yoast SEO plugin v17.7.1 - https:\/\/yoast.com\/wordpress\/plugins\/seo\/ -->\n<meta name=\"robots\" content=\"index, follow, max-snippet:-1, max-image-preview:large, max-video-preview:-1\" \/>\n<link rel=\"canonical\" href=\"http:\/\/www.eeg-biofeedback-hradec.cz\/eeg\/co-je-eeg-biofeedback\/\" \/>\n<meta property=\"og:locale\" content=\"cs_CZ\" \/>\n<meta property=\"og:type\" content=\"article\" \/>\n<meta property=\"og:title\" content=\"Co je EEG Biofeedback? - EEG Biofeedback Hradec Kr\u00e1lov\u00e9\" \/>\n<meta property=\"og:description\" content=\"EEG Biofeedback (zkr\u00e1cen\u011b BFB) je \u00fa\u010dinn\u00e1 psychoterapeutick\u00e1 metoda, d\u00edky kter\u00e9 m\u016f\u017eeme p\u0159irozenou cestou trvale zlep\u0161ovat \u010dinnost mozku. Umo\u017e\u0148uje n\u00e1m tedy pomoc\u00ed tzv. v\u011bdom\u011b ovl\u00e1dat na\u0161i . Je to vlastn\u011b strategie sebeu\u010den\u00ed, kdy v\u011bdom\u011b ovl\u00e1d\u00e1me sv\u00e9 mozkov\u00e9 vlny. Poch\u00e1z\u00ed ze Spojen\u00fdch st\u00e1t\u016f, kde ji na l\u00e9ka\u0159sk\u00e9 fakult\u011b Kaliformsk\u00e9 Univerzity vyvinul americk\u00fd neurofyziolog, Prof. Barry Sterman. P\u0159\u00edstroj... View Article\" \/>\n<meta property=\"og:url\" content=\"http:\/\/www.eeg-biofeedback-hradec.cz\/eeg\/co-je-eeg-biofeedback\/\" \/>\n<meta property=\"og:site_name\" content=\"EEG Biofeedback Hradec Kr\u00e1lov\u00e9\" \/>\n<meta property=\"article:modified_time\" content=\"2017-02-22T23:36:59+00:00\" \/>\n<meta name=\"twitter:card\" content=\"summary_large_image\" \/>\n<meta name=\"twitter:label1\" content=\"Odhadovan\u00e1 doba \u010dten\u00ed\" \/>\n\t<meta name=\"twitter:data1\" content=\"2 minuty\" \/>\n<script type=\"application\/ld+json\" class=\"yoast-schema-graph\">{\"@context\":\"https:\/\/schema.org\",\"@graph\":[{\"@type\":\"WebSite\",\"@id\":\"https:\/\/www.eeg-biofeedback-hradec.cz\/eeg\/#website\",\"url\":\"https:\/\/www.eeg-biofeedback-hradec.cz\/eeg\/\",\"name\":\"EEG Biofeedback Hradec Kr\\u00e1lov\\u00e9\",\"description\":\"\",\"potentialAction\":[{\"@type\":\"SearchAction\",\"target\":{\"@type\":\"EntryPoint\",\"urlTemplate\":\"https:\/\/www.eeg-biofeedback-hradec.cz\/eeg\/?s={search_term_string}\"},\"query-input\":\"required name=search_term_string\"}],\"inLanguage\":\"cs\"},{\"@type\":\"WebPage\",\"@id\":\"http:\/\/www.eeg-biofeedback-hradec.cz\/eeg\/co-je-eeg-biofeedback\/#webpage\",\"url\":\"http:\/\/www.eeg-biofeedback-hradec.cz\/eeg\/co-je-eeg-biofeedback\/\",\"name\":\"Co je EEG Biofeedback? - EEG Biofeedback Hradec Kr\\u00e1lov\\u00e9\",\"isPartOf\":{\"@id\":\"https:\/\/www.eeg-biofeedback-hradec.cz\/eeg\/#website\"},\"datePublished\":\"2017-02-17T12:56:31+00:00\",\"dateModified\":\"2017-02-22T23:36:59+00:00\",\"breadcrumb\":{\"@id\":\"http:\/\/www.eeg-biofeedback-hradec.cz\/eeg\/co-je-eeg-biofeedback\/#breadcrumb\"},\"inLanguage\":\"cs\",\"potentialAction\":[{\"@type\":\"ReadAction\",\"target\":[\"http:\/\/www.eeg-biofeedback-hradec.cz\/eeg\/co-je-eeg-biofeedback\/\"]}]},{\"@type\":\"BreadcrumbList\",\"@id\":\"http:\/\/www.eeg-biofeedback-hradec.cz\/eeg\/co-je-eeg-biofeedback\/#breadcrumb\",\"itemListElement\":[{\"@type\":\"ListItem\",\"position\":1,\"name\":\"Dom\\u016f\",\"item\":\"https:\/\/www.eeg-biofeedback-hradec.cz\/eeg\/\"},{\"@type\":\"ListItem\",\"position\":2,\"name\":\"Co je EEG Biofeedback?\"}]}]}<\/script>\n<!-- \/ Yoast SEO plugin. -->","yoast_head_json":{"robots":{"index":"index","follow":"follow","max-snippet":"max-snippet:-1","max-image-preview":"max-image-preview:large","max-video-preview":"max-video-preview:-1"},"canonical":"http:\/\/www.eeg-biofeedback-hradec.cz\/eeg\/co-je-eeg-biofeedback\/","og_locale":"cs_CZ","og_type":"article","og_title":"Co je EEG Biofeedback? - EEG Biofeedback Hradec Kr\u00e1lov\u00e9","og_description":"EEG Biofeedback (zkr\u00e1cen\u011b BFB) je \u00fa\u010dinn\u00e1 psychoterapeutick\u00e1 metoda, d\u00edky kter\u00e9 m\u016f\u017eeme p\u0159irozenou cestou trvale zlep\u0161ovat \u010dinnost mozku. Umo\u017e\u0148uje n\u00e1m tedy pomoc\u00ed tzv. v\u011bdom\u011b ovl\u00e1dat na\u0161i . Je to vlastn\u011b strategie sebeu\u010den\u00ed, kdy v\u011bdom\u011b ovl\u00e1d\u00e1me sv\u00e9 mozkov\u00e9 vlny. Poch\u00e1z\u00ed ze Spojen\u00fdch st\u00e1t\u016f, kde ji na l\u00e9ka\u0159sk\u00e9 fakult\u011b Kaliformsk\u00e9 Univerzity vyvinul americk\u00fd neurofyziolog, Prof. Barry Sterman. P\u0159\u00edstroj... View Article","og_url":"http:\/\/www.eeg-biofeedback-hradec.cz\/eeg\/co-je-eeg-biofeedback\/","og_site_name":"EEG Biofeedback Hradec Kr\u00e1lov\u00e9","article_modified_time":"2017-02-22T23:36:59+00:00","twitter_card":"summary_large_image","twitter_misc":{"Odhadovan\u00e1 doba \u010dten\u00ed":"2 minuty"},"schema":{"@context":"https:\/\/schema.org","@graph":[{"@type":"WebSite","@id":"https:\/\/www.eeg-biofeedback-hradec.cz\/eeg\/#website","url":"https:\/\/www.eeg-biofeedback-hradec.cz\/eeg\/","name":"EEG Biofeedback Hradec Kr\u00e1lov\u00e9","description":"","potentialAction":[{"@type":"SearchAction","target":{"@type":"EntryPoint","urlTemplate":"https:\/\/www.eeg-biofeedback-hradec.cz\/eeg\/?s={search_term_string}"},"query-input":"required name=search_term_string"}],"inLanguage":"cs"},{"@type":"WebPage","@id":"http:\/\/www.eeg-biofeedback-hradec.cz\/eeg\/co-je-eeg-biofeedback\/#webpage","url":"http:\/\/www.eeg-biofeedback-hradec.cz\/eeg\/co-je-eeg-biofeedback\/","name":"Co je EEG Biofeedback? - EEG Biofeedback Hradec Kr\u00e1lov\u00e9","isPartOf":{"@id":"https:\/\/www.eeg-biofeedback-hradec.cz\/eeg\/#website"},"datePublished":"2017-02-17T12:56:31+00:00","dateModified":"2017-02-22T23:36:59+00:00","breadcrumb":{"@id":"http:\/\/www.eeg-biofeedback-hradec.cz\/eeg\/co-je-eeg-biofeedback\/#breadcrumb"},"inLanguage":"cs","potentialAction":[{"@type":"ReadAction","target":["http:\/\/www.eeg-biofeedback-hradec.cz\/eeg\/co-je-eeg-biofeedback\/"]}]},{"@type":"BreadcrumbList","@id":"http:\/\/www.eeg-biofeedback-hradec.cz\/eeg\/co-je-eeg-biofeedback\/#breadcrumb","itemListElement":[{"@type":"ListItem","position":1,"name":"Dom\u016f","item":"https:\/\/www.eeg-biofeedback-hradec.cz\/eeg\/"},{"@type":"ListItem","position":2,"name":"Co je EEG Biofeedback?"}]}]}},"_links":{"self":[{"href":"https:\/\/www.eeg-biofeedback-hradec.cz\/eeg\/wp-json\/wp\/v2\/pages\/20"}],"collection":[{"href":"https:\/\/www.eeg-biofeedback-hradec.cz\/eeg\/wp-json\/wp\/v2\/pages"}],"about":[{"href":"https:\/\/www.eeg-biofeedback-hradec.cz\/eeg\/wp-json\/wp\/v2\/types\/page"}],"author":[{"embeddable":true,"href":"https:\/\/www.eeg-biofeedback-hradec.cz\/eeg\/wp-json\/wp\/v2\/users\/1"}],"replies":[{"embeddable":true,"href":"https:\/\/www.eeg-biofeedback-hradec.cz\/eeg\/wp-json\/wp\/v2\/comments?post=20"}],"version-history":[{"count":7,"href":"https:\/\/www.eeg-biofeedback-hradec.cz\/eeg\/wp-json\/wp\/v2\/pages\/20\/revisions"}],"predecessor-version":[{"id":198,"href":"https:\/\/www.eeg-biofeedback-hradec.cz\/eeg\/wp-json\/wp\/v2\/pages\/20\/revisions\/198"}],"wp:attachment":[{"href":"https:\/\/www.eeg-biofeedback-hradec.cz\/eeg\/wp-json\/wp\/v2\/media?parent=20"}],"curies":[{"name":"wp","href":"https:\/\/api.w.org\/{rel}","templated":true}]}}