{"id":233,"date":"2017-04-07T12:09:42","date_gmt":"2017-04-07T11:09:42","guid":{"rendered":"http:\/\/www.eeg-biofeedback-hradec.cz\/eeg\/?page_id=233"},"modified":"2017-04-07T12:45:13","modified_gmt":"2017-04-07T11:45:13","slug":"trenink-sportovcu","status":"publish","type":"page","link":"https:\/\/www.eeg-biofeedback-hradec.cz\/eeg\/trenink-sportovcu\/","title":{"rendered":"Tr\u00e9nink sportovc\u016f"},"content":{"rendered":"<p><a href=\"http:\/\/www.eeg-biofeedback-hradec.cz\/eeg\/wp-content\/uploads\/sites\/2\/2017\/04\/DSC07304.jpg\"><img loading=\"lazy\" width=\"150\" height=\"150\" class=\"alignleft size-thumbnail wp-image-248\" src=\"http:\/\/www.eeg-biofeedback-hradec.cz\/eeg\/wp-content\/uploads\/sites\/2\/2017\/04\/DSC07304-150x150.jpg\" alt=\"DSC07304\" \/><\/a><img loading=\"lazy\" width=\"150\" height=\"150\" class=\"alignleft size-thumbnail wp-image-247\" src=\"http:\/\/www.eeg-biofeedback-hradec.cz\/eeg\/wp-content\/uploads\/sites\/2\/2017\/04\/DSC07303-150x150.jpg\" alt=\"DSC07303\" \/> <a href=\"http:\/\/www.eeg-biofeedback-hradec.cz\/eeg\/wp-content\/uploads\/sites\/2\/2017\/04\/DSC07302.jpg\"><img loading=\"lazy\" width=\"150\" height=\"150\" class=\"alignleft size-thumbnail wp-image-246\" src=\"http:\/\/www.eeg-biofeedback-hradec.cz\/eeg\/wp-content\/uploads\/sites\/2\/2017\/04\/DSC07302-150x150.jpg\" alt=\"DSC07302\" \/><\/a><img loading=\"lazy\" width=\"150\" height=\"150\" class=\"alignleft size-thumbnail wp-image-249\" src=\"http:\/\/www.eeg-biofeedback-hradec.cz\/eeg\/wp-content\/uploads\/sites\/2\/2017\/04\/DSC07305-150x150.jpg\" alt=\"DSC07305\" \/> <a href=\"http:\/\/www.eeg-biofeedback-hradec.cz\/eeg\/wp-content\/uploads\/sites\/2\/2017\/04\/DSC07307.jpg\"><img loading=\"lazy\" width=\"150\" height=\"150\" class=\"alignleft size-thumbnail wp-image-250\" src=\"http:\/\/www.eeg-biofeedback-hradec.cz\/eeg\/wp-content\/uploads\/sites\/2\/2017\/04\/DSC07307-150x150.jpg\" alt=\"DSC07307\" \/><\/a> <a href=\"http:\/\/www.eeg-biofeedback-hradec.cz\/eeg\/wp-content\/uploads\/sites\/2\/2017\/04\/DSC07308.jpg\"><img loading=\"lazy\" width=\"150\" height=\"150\" class=\"alignleft size-thumbnail wp-image-251\" src=\"http:\/\/www.eeg-biofeedback-hradec.cz\/eeg\/wp-content\/uploads\/sites\/2\/2017\/04\/DSC07308-150x150.jpg\" alt=\"DSC07308\" \/><\/a> <a href=\"http:\/\/www.eeg-biofeedback-hradec.cz\/eeg\/wp-content\/uploads\/sites\/2\/2017\/04\/DSC07311.jpg\"><img loading=\"lazy\" width=\"150\" height=\"150\" class=\"alignleft size-thumbnail wp-image-252\" src=\"http:\/\/www.eeg-biofeedback-hradec.cz\/eeg\/wp-content\/uploads\/sites\/2\/2017\/04\/DSC07311-150x150.jpg\" alt=\"DSC07311\" \/><\/a><a href=\"http:\/\/www.eeg-biofeedback-hradec.cz\/eeg\/wp-content\/uploads\/sites\/2\/2017\/04\/DSC07309.jpg\"><img loading=\"lazy\" width=\"150\" height=\"150\" class=\"alignleft size-thumbnail wp-image-240\" src=\"http:\/\/www.eeg-biofeedback-hradec.cz\/eeg\/wp-content\/uploads\/sites\/2\/2017\/04\/DSC07309-150x150.jpg\" alt=\"DSC07309\" \/><img loading=\"lazy\" width=\"150\" height=\"150\" class=\"alignleft size-thumbnail wp-image-238\" src=\"http:\/\/www.eeg-biofeedback-hradec.cz\/eeg\/wp-content\/uploads\/sites\/2\/2017\/04\/DSC07301-150x150.jpg\" alt=\"DSC07301\" \/><\/a><\/p>\n","protected":false},"excerpt":{"rendered":"","protected":false},"author":1,"featured_media":0,"parent":0,"menu_order":0,"comment_status":"closed","ping_status":"closed","template":"","meta":[],"acf":[],"yoast_head":"<!-- This site is optimized with the Yoast SEO plugin v17.7.1 - https:\/\/yoast.com\/wordpress\/plugins\/seo\/ -->\n<meta name=\"robots\" content=\"index, follow, max-snippet:-1, max-image-preview:large, max-video-preview:-1\" \/>\n<link rel=\"canonical\" href=\"http:\/\/www.eeg-biofeedback-hradec.cz\/eeg\/trenink-sportovcu\/\" \/>\n<meta property=\"og:locale\" content=\"cs_CZ\" \/>\n<meta property=\"og:type\" content=\"article\" \/>\n<meta property=\"og:title\" content=\"Tr\u00e9nink sportovc\u016f - EEG Biofeedback Hradec Kr\u00e1lov\u00e9\" \/>\n<meta property=\"og:url\" content=\"http:\/\/www.eeg-biofeedback-hradec.cz\/eeg\/trenink-sportovcu\/\" \/>\n<meta property=\"og:site_name\" content=\"EEG Biofeedback Hradec Kr\u00e1lov\u00e9\" \/>\n<meta property=\"article:modified_time\" content=\"2017-04-07T11:45:13+00:00\" \/>\n<meta property=\"og:image\" content=\"http:\/\/www.eeg-biofeedback-hradec.cz\/eeg\/wp-content\/uploads\/sites\/2\/2017\/04\/DSC07304-150x150.jpg\" \/>\n<meta name=\"twitter:card\" content=\"summary_large_image\" \/>\n<script type=\"application\/ld+json\" class=\"yoast-schema-graph\">{\"@context\":\"https:\/\/schema.org\",\"@graph\":[{\"@type\":\"WebSite\",\"@id\":\"https:\/\/www.eeg-biofeedback-hradec.cz\/eeg\/#website\",\"url\":\"https:\/\/www.eeg-biofeedback-hradec.cz\/eeg\/\",\"name\":\"EEG Biofeedback Hradec Kr\\u00e1lov\\u00e9\",\"description\":\"\",\"potentialAction\":[{\"@type\":\"SearchAction\",\"target\":{\"@type\":\"EntryPoint\",\"urlTemplate\":\"https:\/\/www.eeg-biofeedback-hradec.cz\/eeg\/?s={search_term_string}\"},\"query-input\":\"required name=search_term_string\"}],\"inLanguage\":\"cs\"},{\"@type\":\"ImageObject\",\"@id\":\"http:\/\/www.eeg-biofeedback-hradec.cz\/eeg\/trenink-sportovcu\/#primaryimage\",\"inLanguage\":\"cs\",\"url\":\"http:\/\/www.eeg-biofeedback-hradec.cz\/eeg\/wp-content\/uploads\/sites\/2\/2017\/04\/DSC07304-150x150.jpg\",\"contentUrl\":\"http:\/\/www.eeg-biofeedback-hradec.cz\/eeg\/wp-content\/uploads\/sites\/2\/2017\/04\/DSC07304-150x150.jpg\"},{\"@type\":\"WebPage\",\"@id\":\"http:\/\/www.eeg-biofeedback-hradec.cz\/eeg\/trenink-sportovcu\/#webpage\",\"url\":\"http:\/\/www.eeg-biofeedback-hradec.cz\/eeg\/trenink-sportovcu\/\",\"name\":\"Tr\\u00e9nink sportovc\\u016f - EEG Biofeedback Hradec Kr\\u00e1lov\\u00e9\",\"isPartOf\":{\"@id\":\"https:\/\/www.eeg-biofeedback-hradec.cz\/eeg\/#website\"},\"primaryImageOfPage\":{\"@id\":\"http:\/\/www.eeg-biofeedback-hradec.cz\/eeg\/trenink-sportovcu\/#primaryimage\"},\"datePublished\":\"2017-04-07T11:09:42+00:00\",\"dateModified\":\"2017-04-07T11:45:13+00:00\",\"breadcrumb\":{\"@id\":\"http:\/\/www.eeg-biofeedback-hradec.cz\/eeg\/trenink-sportovcu\/#breadcrumb\"},\"inLanguage\":\"cs\",\"potentialAction\":[{\"@type\":\"ReadAction\",\"target\":[\"http:\/\/www.eeg-biofeedback-hradec.cz\/eeg\/trenink-sportovcu\/\"]}]},{\"@type\":\"BreadcrumbList\",\"@id\":\"http:\/\/www.eeg-biofeedback-hradec.cz\/eeg\/trenink-sportovcu\/#breadcrumb\",\"itemListElement\":[{\"@type\":\"ListItem\",\"position\":1,\"name\":\"Dom\\u016f\",\"item\":\"https:\/\/www.eeg-biofeedback-hradec.cz\/eeg\/\"},{\"@type\":\"ListItem\",\"position\":2,\"name\":\"Tr\\u00e9nink sportovc\\u016f\"}]}]}<\/script>\n<!-- \/ Yoast SEO plugin. -->","yoast_head_json":{"robots":{"index":"index","follow":"follow","max-snippet":"max-snippet:-1","max-image-preview":"max-image-preview:large","max-video-preview":"max-video-preview:-1"},"canonical":"http:\/\/www.eeg-biofeedback-hradec.cz\/eeg\/trenink-sportovcu\/","og_locale":"cs_CZ","og_type":"article","og_title":"Tr\u00e9nink sportovc\u016f - EEG Biofeedback Hradec Kr\u00e1lov\u00e9","og_url":"http:\/\/www.eeg-biofeedback-hradec.cz\/eeg\/trenink-sportovcu\/","og_site_name":"EEG Biofeedback Hradec Kr\u00e1lov\u00e9","article_modified_time":"2017-04-07T11:45:13+00:00","og_image":[{"url":"http:\/\/www.eeg-biofeedback-hradec.cz\/eeg\/wp-content\/uploads\/sites\/2\/2017\/04\/DSC07304-150x150.jpg"}],"twitter_card":"summary_large_image","schema":{"@context":"https:\/\/schema.org","@graph":[{"@type":"WebSite","@id":"https:\/\/www.eeg-biofeedback-hradec.cz\/eeg\/#website","url":"https:\/\/www.eeg-biofeedback-hradec.cz\/eeg\/","name":"EEG Biofeedback Hradec Kr\u00e1lov\u00e9","description":"","potentialAction":[{"@type":"SearchAction","target":{"@type":"EntryPoint","urlTemplate":"https:\/\/www.eeg-biofeedback-hradec.cz\/eeg\/?s={search_term_string}"},"query-input":"required name=search_term_string"}],"inLanguage":"cs"},{"@type":"ImageObject","@id":"http:\/\/www.eeg-biofeedback-hradec.cz\/eeg\/trenink-sportovcu\/#primaryimage","inLanguage":"cs","url":"http:\/\/www.eeg-biofeedback-hradec.cz\/eeg\/wp-content\/uploads\/sites\/2\/2017\/04\/DSC07304-150x150.jpg","contentUrl":"http:\/\/www.eeg-biofeedback-hradec.cz\/eeg\/wp-content\/uploads\/sites\/2\/2017\/04\/DSC07304-150x150.jpg"},{"@type":"WebPage","@id":"http:\/\/www.eeg-biofeedback-hradec.cz\/eeg\/trenink-sportovcu\/#webpage","url":"http:\/\/www.eeg-biofeedback-hradec.cz\/eeg\/trenink-sportovcu\/","name":"Tr\u00e9nink sportovc\u016f - EEG Biofeedback Hradec Kr\u00e1lov\u00e9","isPartOf":{"@id":"https:\/\/www.eeg-biofeedback-hradec.cz\/eeg\/#website"},"primaryImageOfPage":{"@id":"http:\/\/www.eeg-biofeedback-hradec.cz\/eeg\/trenink-sportovcu\/#primaryimage"},"datePublished":"2017-04-07T11:09:42+00:00","dateModified":"2017-04-07T11:45:13+00:00","breadcrumb":{"@id":"http:\/\/www.eeg-biofeedback-hradec.cz\/eeg\/trenink-sportovcu\/#breadcrumb"},"inLanguage":"cs","potentialAction":[{"@type":"ReadAction","target":["http:\/\/www.eeg-biofeedback-hradec.cz\/eeg\/trenink-sportovcu\/"]}]},{"@type":"BreadcrumbList","@id":"http:\/\/www.eeg-biofeedback-hradec.cz\/eeg\/trenink-sportovcu\/#breadcrumb","itemListElement":[{"@type":"ListItem","position":1,"name":"Dom\u016f","item":"https:\/\/www.eeg-biofeedback-hradec.cz\/eeg\/"},{"@type":"ListItem","position":2,"name":"Tr\u00e9nink sportovc\u016f"}]}]}},"_links":{"self":[{"href":"https:\/\/www.eeg-biofeedback-hradec.cz\/eeg\/wp-json\/wp\/v2\/pages\/233"}],"collection":[{"href":"https:\/\/www.eeg-biofeedback-hradec.cz\/eeg\/wp-json\/wp\/v2\/pages"}],"about":[{"href":"https:\/\/www.eeg-biofeedback-hradec.cz\/eeg\/wp-json\/wp\/v2\/types\/page"}],"author":[{"embeddable":true,"href":"https:\/\/www.eeg-biofeedback-hradec.cz\/eeg\/wp-json\/wp\/v2\/users\/1"}],"replies":[{"embeddable":true,"href":"https:\/\/www.eeg-biofeedback-hradec.cz\/eeg\/wp-json\/wp\/v2\/comments?post=233"}],"version-history":[{"count":8,"href":"https:\/\/www.eeg-biofeedback-hradec.cz\/eeg\/wp-json\/wp\/v2\/pages\/233\/revisions"}],"predecessor-version":[{"id":255,"href":"https:\/\/www.eeg-biofeedback-hradec.cz\/eeg\/wp-json\/wp\/v2\/pages\/233\/revisions\/255"}],"wp:attachment":[{"href":"https:\/\/www.eeg-biofeedback-hradec.cz\/eeg\/wp-json\/wp\/v2\/media?parent=233"}],"curies":[{"name":"wp","href":"https:\/\/api.w.org\/{rel}","templated":true}]}}