{"id":29,"date":"2017-02-17T14:13:23","date_gmt":"2017-02-17T13:13:23","guid":{"rendered":"http:\/\/www.eeg-biofeedback-hradec.cz\/eeg\/?page_id=29"},"modified":"2017-04-07T13:16:31","modified_gmt":"2017-04-07T12:16:31","slug":"jak-eeg-biofeedback-funguje","status":"publish","type":"page","link":"https:\/\/www.eeg-biofeedback-hradec.cz\/eeg\/jak-eeg-biofeedback-funguje\/","title":{"rendered":"Jak EEG Biofeedback funguje ?"},"content":{"rendered":"<p>Je zalo\u017een na <strong>sn\u00edm\u00e1n\u00ed elektrick\u00e9 aktivity mozku<\/strong> p\u0159i z\u00e1t\u011b\u017ei (v\u00fdkonov\u00e9 EEG).<br \/>\nAktivita je sn\u00edm\u00e1na t\u0159emi elektrodami, kter\u00e9 p\u0159ipoj\u00edme na hlavu a u\u0161n\u00ed lal\u016f\u010dky.<\/p>\n<p><a href=\"http:\/\/www.eeg-biofeedback-hradec.cz\/eeg\/wp-content\/uploads\/sites\/2\/2017\/02\/01-2.jpg\"><img loading=\"lazy\" width=\"700\" height=\"393\" class=\"aligncenter size-large wp-image-190\" src=\"http:\/\/www.eeg-biofeedback-hradec.cz\/eeg\/wp-content\/uploads\/sites\/2\/2017\/02\/01-2-700x393.jpg\" alt=\"01\" srcset=\"https:\/\/www.eeg-biofeedback-hradec.cz\/eeg\/wp-content\/uploads\/sites\/2\/2017\/02\/01-2-700x393.jpg 700w, https:\/\/www.eeg-biofeedback-hradec.cz\/eeg\/wp-content\/uploads\/sites\/2\/2017\/02\/01-2-250x140.jpg 250w, https:\/\/www.eeg-biofeedback-hradec.cz\/eeg\/wp-content\/uploads\/sites\/2\/2017\/02\/01-2-768x431.jpg 768w, https:\/\/www.eeg-biofeedback-hradec.cz\/eeg\/wp-content\/uploads\/sites\/2\/2017\/02\/01-2-120x67.jpg 120w, https:\/\/www.eeg-biofeedback-hradec.cz\/eeg\/wp-content\/uploads\/sites\/2\/2017\/02\/01-2.jpg 2000w\" sizes=\"(max-width: 700px) 100vw, 700px\" \/><\/a><br \/>\nSign\u00e1l proch\u00e1z\u00ed sn\u00edmac\u00ed jednotkou a p\u0159es optick\u00fd kabel do po\u010d\u00edta\u010dov\u00e9ho programu.<br \/>\nNa obrazovce potom vid\u00edme<strong> aktu\u00e1ln\u00ed aktivitu mozku v podob\u011b k\u0159ivky EEG a jednotliv\u00e9 frekvence, se kter\u00fdmi pracujeme.<\/strong><\/p>\n<p>&nbsp;<\/p>\n<p>D\u00edt\u011b svou aktivitu vid\u00ed na sv\u00e9 obrazovce <strong>p\u0159evedenou do formy jednoduch\u00e9 hry<\/strong>.<br \/>\n<strong>Pozornost\u00ed a soust\u0159ed\u011bn\u00edm<\/strong> hru p\u0159\u00edmo <strong>ovl\u00e1d\u00e1<\/strong> a sna\u017e\u00ed se dos\u00e1hnout ur\u010dit\u00e9ho c\u00edle, nap\u0159\u00edklad aby formule jela uprost\u0159ed po b\u00edl\u00e9m pruhu silnice.<\/p>\n<p><a href=\"http:\/\/www.eeg-biofeedback-hradec.cz\/eeg\/wp-content\/uploads\/sites\/2\/2017\/02\/02-2.jpg\"><img loading=\"lazy\" width=\"700\" height=\"393\" class=\"aligncenter size-large wp-image-191\" src=\"http:\/\/www.eeg-biofeedback-hradec.cz\/eeg\/wp-content\/uploads\/sites\/2\/2017\/02\/02-2-700x393.jpg\" alt=\"02\" srcset=\"https:\/\/www.eeg-biofeedback-hradec.cz\/eeg\/wp-content\/uploads\/sites\/2\/2017\/02\/02-2-700x393.jpg 700w, https:\/\/www.eeg-biofeedback-hradec.cz\/eeg\/wp-content\/uploads\/sites\/2\/2017\/02\/02-2-250x140.jpg 250w, https:\/\/www.eeg-biofeedback-hradec.cz\/eeg\/wp-content\/uploads\/sites\/2\/2017\/02\/02-2-768x431.jpg 768w, https:\/\/www.eeg-biofeedback-hradec.cz\/eeg\/wp-content\/uploads\/sites\/2\/2017\/02\/02-2-120x67.jpg 120w, https:\/\/www.eeg-biofeedback-hradec.cz\/eeg\/wp-content\/uploads\/sites\/2\/2017\/02\/02-2.jpg 2000w\" sizes=\"(max-width: 700px) 100vw, 700px\" \/><\/a><\/p>\n<p>Ve chv\u00edli, kdy mozek <strong>reaguje l\u00e9pe, dost\u00e1v\u00e1 body<\/strong>, kter\u00e9 jsou <strong>pochvalou a odpov\u011bd\u00ed, \u017ee se lep\u0161\u00ed<\/strong>.<\/p>\n<p>C\u00edlem tr\u00e9ninku je z\u00edskat co nejv\u00edce bod\u016f, kter\u00fdch doc\u00edl\u00ed pr\u00e1v\u011b p\u0159es metodu <strong>pokus-omyl<\/strong>.<\/p>\n<p>Aby mozek posiloval, je d\u016fle\u017eit\u00e9 mu nastavit ur\u010dit\u00e9 omezen\u00ed &#8211; hranice, ve kter\u00fdch se sna\u017e\u00ed udr\u017eet tak, aby bodoval.<\/p>\n<p><a href=\"http:\/\/www.eeg-biofeedback-hradec.cz\/eeg\/wp-content\/uploads\/sites\/2\/2017\/02\/03-2.jpg\"><img loading=\"lazy\" width=\"700\" height=\"393\" class=\"aligncenter size-large wp-image-192\" src=\"http:\/\/www.eeg-biofeedback-hradec.cz\/eeg\/wp-content\/uploads\/sites\/2\/2017\/02\/03-2-700x393.jpg\" alt=\"03\" srcset=\"https:\/\/www.eeg-biofeedback-hradec.cz\/eeg\/wp-content\/uploads\/sites\/2\/2017\/02\/03-2-700x393.jpg 700w, https:\/\/www.eeg-biofeedback-hradec.cz\/eeg\/wp-content\/uploads\/sites\/2\/2017\/02\/03-2-250x140.jpg 250w, https:\/\/www.eeg-biofeedback-hradec.cz\/eeg\/wp-content\/uploads\/sites\/2\/2017\/02\/03-2-768x431.jpg 768w, https:\/\/www.eeg-biofeedback-hradec.cz\/eeg\/wp-content\/uploads\/sites\/2\/2017\/02\/03-2-120x67.jpg 120w, https:\/\/www.eeg-biofeedback-hradec.cz\/eeg\/wp-content\/uploads\/sites\/2\/2017\/02\/03-2.jpg 2000w\" sizes=\"(max-width: 700px) 100vw, 700px\" \/><\/a><\/p>\n<p>U ka\u017ed\u00e9ho je nastaven\u00ed <strong>individu\u00e1ln\u00ed<\/strong> a b\u011bhem sezen\u00ed se n\u011bkolikr\u00e1t m\u011bn\u00ed podle moment\u00e1ln\u00edho rozpolo\u017een\u00ed mozku.<br \/>\nNen\u00ed ani lehk\u00e9, ani t\u011b\u017ek\u00e9, ale takov\u00e9, aby to mozku dalo pr\u00e1ci. Kdy\u017e dojde ke zlep\u0161en\u00ed, p\u0159id\u00e1v\u00e1me obt\u00ed\u017enost nebo naopak.<\/p>\n<p>B\u011bhem tr\u00e9ninku sledujeme nejen k\u0159ivku, ale i psychick\u00e9 a t\u011blesn\u00e9 nalad\u011bn\u00ed d\u00edt\u011bte. Na tomto z\u00e1klad\u011b s n\u00edm pracujeme. <strong>Je d\u016fle\u017eit\u00e9 vytvo\u0159en\u00ed vz\u00e1jemn\u00e9 d\u016fv\u011bry a vztahu k d\u00edt\u011bti<\/strong>, kter\u00e9 k n\u00e1m p\u0159ich\u00e1z\u00ed. Prov\u00e1z\u00edme ho tr\u00e9ninkem, vedeme jej k pozornosti, u\u010d\u00edme se, jak se uvolnit, dob\u0159e d\u00fdchat, netla\u010dit na v\u00fdkon, podporujeme ho v trp\u011blivosti .. Je tak\u00e9 d\u016fle\u017eit\u00e9, co ve sv\u00e9m \u017eivot\u011b pr\u00e1v\u011b pro\u017e\u00edv\u00e1.<br \/>\n<strong>Vyj\u00e1d\u0159en\u00ed a uvoln\u011bn\u00ed emoc\u00ed je stejn\u011b podstatn\u00e9, jako tr\u00e9nink s\u00e1m.<\/strong><\/p>\n<h2>Jak\u00e9 hry m\u016f\u017eete u n\u00e1s hr\u00e1t:<\/h2>\n<p><a href=\"http:\/\/www.eeg-biofeedback-hradec.cz\/eeg\/wp-content\/uploads\/sites\/2\/2017\/02\/05-2.jpg\"><img loading=\"lazy\" width=\"150\" height=\"150\" class=\"alignleft size-thumbnail wp-image-215\" src=\"http:\/\/www.eeg-biofeedback-hradec.cz\/eeg\/wp-content\/uploads\/sites\/2\/2017\/02\/05-2-150x150.jpg\" alt=\"05\" \/><\/a> <a href=\"http:\/\/www.eeg-biofeedback-hradec.cz\/eeg\/wp-content\/uploads\/sites\/2\/2017\/02\/04-2.jpg\"><img loading=\"lazy\" width=\"150\" height=\"150\" class=\"alignleft size-thumbnail wp-image-214\" src=\"http:\/\/www.eeg-biofeedback-hradec.cz\/eeg\/wp-content\/uploads\/sites\/2\/2017\/02\/04-2-150x150.jpg\" alt=\"04\" \/><\/a> <a href=\"http:\/\/www.eeg-biofeedback-hradec.cz\/eeg\/wp-content\/uploads\/sites\/2\/2017\/02\/10-1.jpg\"><img loading=\"lazy\" width=\"150\" height=\"150\" class=\"alignleft size-thumbnail wp-image-221\" src=\"http:\/\/www.eeg-biofeedback-hradec.cz\/eeg\/wp-content\/uploads\/sites\/2\/2017\/02\/10-1-150x150.jpg\" alt=\"10\" \/><\/a> <a href=\"http:\/\/www.eeg-biofeedback-hradec.cz\/eeg\/wp-content\/uploads\/sites\/2\/2017\/02\/09-1.jpg\"><img loading=\"lazy\" width=\"150\" height=\"150\" class=\"alignleft size-thumbnail wp-image-220\" src=\"http:\/\/www.eeg-biofeedback-hradec.cz\/eeg\/wp-content\/uploads\/sites\/2\/2017\/02\/09-1-150x150.jpg\" alt=\"09\" \/><\/a><\/p>\n","protected":false},"excerpt":{"rendered":"Je zalo\u017een na sn\u00edm\u00e1n\u00ed elektrick\u00e9 aktivity mozku p\u0159i z\u00e1t\u011b\u017ei (v\u00fdkonov\u00e9 EEG). Aktivita je sn\u00edm\u00e1na t\u0159emi elektrodami, kter\u00e9 p\u0159ipoj\u00edme na hlavu a u\u0161n\u00ed lal\u016f\u010dky. Sign\u00e1l proch\u00e1z\u00ed sn\u00edmac\u00ed jednotkou a p\u0159es optick\u00fd kabel do po\u010d\u00edta\u010dov\u00e9ho programu. Na obrazovce potom vid\u00edme aktu\u00e1ln\u00ed aktivitu mozku v podob\u011b k\u0159ivky EEG a jednotliv\u00e9 frekvence, se kter\u00fdmi pracujeme. &nbsp; D\u00edt\u011b svou aktivitu&#8230; <a class=\"view-article\" href=\"https:\/\/www.eeg-biofeedback-hradec.cz\/eeg\/jak-eeg-biofeedback-funguje\/\">View Article<\/a>","protected":false},"author":1,"featured_media":0,"parent":0,"menu_order":0,"comment_status":"closed","ping_status":"closed","template":"","meta":[],"acf":[],"yoast_head":"<!-- This site is optimized with the Yoast SEO plugin v17.7.1 - https:\/\/yoast.com\/wordpress\/plugins\/seo\/ -->\n<meta name=\"robots\" content=\"index, follow, max-snippet:-1, max-image-preview:large, max-video-preview:-1\" \/>\n<link rel=\"canonical\" href=\"http:\/\/www.eeg-biofeedback-hradec.cz\/eeg\/jak-eeg-biofeedback-funguje\/\" \/>\n<meta property=\"og:locale\" content=\"cs_CZ\" \/>\n<meta property=\"og:type\" content=\"article\" \/>\n<meta property=\"og:title\" content=\"Jak EEG Biofeedback funguje ? - EEG Biofeedback Hradec Kr\u00e1lov\u00e9\" \/>\n<meta property=\"og:description\" content=\"Je zalo\u017een na sn\u00edm\u00e1n\u00ed elektrick\u00e9 aktivity mozku p\u0159i z\u00e1t\u011b\u017ei (v\u00fdkonov\u00e9 EEG). Aktivita je sn\u00edm\u00e1na t\u0159emi elektrodami, kter\u00e9 p\u0159ipoj\u00edme na hlavu a u\u0161n\u00ed lal\u016f\u010dky. Sign\u00e1l proch\u00e1z\u00ed sn\u00edmac\u00ed jednotkou a p\u0159es optick\u00fd kabel do po\u010d\u00edta\u010dov\u00e9ho programu. Na obrazovce potom vid\u00edme aktu\u00e1ln\u00ed aktivitu mozku v podob\u011b k\u0159ivky EEG a jednotliv\u00e9 frekvence, se kter\u00fdmi pracujeme. &nbsp; D\u00edt\u011b svou aktivitu... View Article\" \/>\n<meta property=\"og:url\" content=\"http:\/\/www.eeg-biofeedback-hradec.cz\/eeg\/jak-eeg-biofeedback-funguje\/\" \/>\n<meta property=\"og:site_name\" content=\"EEG Biofeedback Hradec Kr\u00e1lov\u00e9\" \/>\n<meta property=\"article:modified_time\" content=\"2017-04-07T12:16:31+00:00\" \/>\n<meta property=\"og:image\" content=\"http:\/\/www.eeg-biofeedback-hradec.cz\/eeg\/wp-content\/uploads\/sites\/2\/2017\/02\/01-2-700x393.jpg\" \/>\n<meta name=\"twitter:card\" content=\"summary_large_image\" \/>\n<meta name=\"twitter:label1\" content=\"Odhadovan\u00e1 doba \u010dten\u00ed\" \/>\n\t<meta name=\"twitter:data1\" content=\"2 minuty\" \/>\n<script type=\"application\/ld+json\" class=\"yoast-schema-graph\">{\"@context\":\"https:\/\/schema.org\",\"@graph\":[{\"@type\":\"WebSite\",\"@id\":\"https:\/\/www.eeg-biofeedback-hradec.cz\/eeg\/#website\",\"url\":\"https:\/\/www.eeg-biofeedback-hradec.cz\/eeg\/\",\"name\":\"EEG Biofeedback Hradec Kr\\u00e1lov\\u00e9\",\"description\":\"\",\"potentialAction\":[{\"@type\":\"SearchAction\",\"target\":{\"@type\":\"EntryPoint\",\"urlTemplate\":\"https:\/\/www.eeg-biofeedback-hradec.cz\/eeg\/?s={search_term_string}\"},\"query-input\":\"required name=search_term_string\"}],\"inLanguage\":\"cs\"},{\"@type\":\"ImageObject\",\"@id\":\"http:\/\/www.eeg-biofeedback-hradec.cz\/eeg\/jak-eeg-biofeedback-funguje\/#primaryimage\",\"inLanguage\":\"cs\",\"url\":\"http:\/\/www.eeg-biofeedback-hradec.cz\/eeg\/wp-content\/uploads\/sites\/2\/2017\/02\/01-2-700x393.jpg\",\"contentUrl\":\"http:\/\/www.eeg-biofeedback-hradec.cz\/eeg\/wp-content\/uploads\/sites\/2\/2017\/02\/01-2-700x393.jpg\"},{\"@type\":\"WebPage\",\"@id\":\"http:\/\/www.eeg-biofeedback-hradec.cz\/eeg\/jak-eeg-biofeedback-funguje\/#webpage\",\"url\":\"http:\/\/www.eeg-biofeedback-hradec.cz\/eeg\/jak-eeg-biofeedback-funguje\/\",\"name\":\"Jak EEG Biofeedback funguje ? - EEG Biofeedback Hradec Kr\\u00e1lov\\u00e9\",\"isPartOf\":{\"@id\":\"https:\/\/www.eeg-biofeedback-hradec.cz\/eeg\/#website\"},\"primaryImageOfPage\":{\"@id\":\"http:\/\/www.eeg-biofeedback-hradec.cz\/eeg\/jak-eeg-biofeedback-funguje\/#primaryimage\"},\"datePublished\":\"2017-02-17T13:13:23+00:00\",\"dateModified\":\"2017-04-07T12:16:31+00:00\",\"breadcrumb\":{\"@id\":\"http:\/\/www.eeg-biofeedback-hradec.cz\/eeg\/jak-eeg-biofeedback-funguje\/#breadcrumb\"},\"inLanguage\":\"cs\",\"potentialAction\":[{\"@type\":\"ReadAction\",\"target\":[\"http:\/\/www.eeg-biofeedback-hradec.cz\/eeg\/jak-eeg-biofeedback-funguje\/\"]}]},{\"@type\":\"BreadcrumbList\",\"@id\":\"http:\/\/www.eeg-biofeedback-hradec.cz\/eeg\/jak-eeg-biofeedback-funguje\/#breadcrumb\",\"itemListElement\":[{\"@type\":\"ListItem\",\"position\":1,\"name\":\"Dom\\u016f\",\"item\":\"https:\/\/www.eeg-biofeedback-hradec.cz\/eeg\/\"},{\"@type\":\"ListItem\",\"position\":2,\"name\":\"Jak EEG Biofeedback funguje ?\"}]}]}<\/script>\n<!-- \/ Yoast SEO plugin. -->","yoast_head_json":{"robots":{"index":"index","follow":"follow","max-snippet":"max-snippet:-1","max-image-preview":"max-image-preview:large","max-video-preview":"max-video-preview:-1"},"canonical":"http:\/\/www.eeg-biofeedback-hradec.cz\/eeg\/jak-eeg-biofeedback-funguje\/","og_locale":"cs_CZ","og_type":"article","og_title":"Jak EEG Biofeedback funguje ? - EEG Biofeedback Hradec Kr\u00e1lov\u00e9","og_description":"Je zalo\u017een na sn\u00edm\u00e1n\u00ed elektrick\u00e9 aktivity mozku p\u0159i z\u00e1t\u011b\u017ei (v\u00fdkonov\u00e9 EEG). Aktivita je sn\u00edm\u00e1na t\u0159emi elektrodami, kter\u00e9 p\u0159ipoj\u00edme na hlavu a u\u0161n\u00ed lal\u016f\u010dky. Sign\u00e1l proch\u00e1z\u00ed sn\u00edmac\u00ed jednotkou a p\u0159es optick\u00fd kabel do po\u010d\u00edta\u010dov\u00e9ho programu. Na obrazovce potom vid\u00edme aktu\u00e1ln\u00ed aktivitu mozku v podob\u011b k\u0159ivky EEG a jednotliv\u00e9 frekvence, se kter\u00fdmi pracujeme. &nbsp; D\u00edt\u011b svou aktivitu... View Article","og_url":"http:\/\/www.eeg-biofeedback-hradec.cz\/eeg\/jak-eeg-biofeedback-funguje\/","og_site_name":"EEG Biofeedback Hradec Kr\u00e1lov\u00e9","article_modified_time":"2017-04-07T12:16:31+00:00","og_image":[{"url":"http:\/\/www.eeg-biofeedback-hradec.cz\/eeg\/wp-content\/uploads\/sites\/2\/2017\/02\/01-2-700x393.jpg"}],"twitter_card":"summary_large_image","twitter_misc":{"Odhadovan\u00e1 doba \u010dten\u00ed":"2 minuty"},"schema":{"@context":"https:\/\/schema.org","@graph":[{"@type":"WebSite","@id":"https:\/\/www.eeg-biofeedback-hradec.cz\/eeg\/#website","url":"https:\/\/www.eeg-biofeedback-hradec.cz\/eeg\/","name":"EEG Biofeedback Hradec Kr\u00e1lov\u00e9","description":"","potentialAction":[{"@type":"SearchAction","target":{"@type":"EntryPoint","urlTemplate":"https:\/\/www.eeg-biofeedback-hradec.cz\/eeg\/?s={search_term_string}"},"query-input":"required name=search_term_string"}],"inLanguage":"cs"},{"@type":"ImageObject","@id":"http:\/\/www.eeg-biofeedback-hradec.cz\/eeg\/jak-eeg-biofeedback-funguje\/#primaryimage","inLanguage":"cs","url":"http:\/\/www.eeg-biofeedback-hradec.cz\/eeg\/wp-content\/uploads\/sites\/2\/2017\/02\/01-2-700x393.jpg","contentUrl":"http:\/\/www.eeg-biofeedback-hradec.cz\/eeg\/wp-content\/uploads\/sites\/2\/2017\/02\/01-2-700x393.jpg"},{"@type":"WebPage","@id":"http:\/\/www.eeg-biofeedback-hradec.cz\/eeg\/jak-eeg-biofeedback-funguje\/#webpage","url":"http:\/\/www.eeg-biofeedback-hradec.cz\/eeg\/jak-eeg-biofeedback-funguje\/","name":"Jak EEG Biofeedback funguje ? - EEG Biofeedback Hradec Kr\u00e1lov\u00e9","isPartOf":{"@id":"https:\/\/www.eeg-biofeedback-hradec.cz\/eeg\/#website"},"primaryImageOfPage":{"@id":"http:\/\/www.eeg-biofeedback-hradec.cz\/eeg\/jak-eeg-biofeedback-funguje\/#primaryimage"},"datePublished":"2017-02-17T13:13:23+00:00","dateModified":"2017-04-07T12:16:31+00:00","breadcrumb":{"@id":"http:\/\/www.eeg-biofeedback-hradec.cz\/eeg\/jak-eeg-biofeedback-funguje\/#breadcrumb"},"inLanguage":"cs","potentialAction":[{"@type":"ReadAction","target":["http:\/\/www.eeg-biofeedback-hradec.cz\/eeg\/jak-eeg-biofeedback-funguje\/"]}]},{"@type":"BreadcrumbList","@id":"http:\/\/www.eeg-biofeedback-hradec.cz\/eeg\/jak-eeg-biofeedback-funguje\/#breadcrumb","itemListElement":[{"@type":"ListItem","position":1,"name":"Dom\u016f","item":"https:\/\/www.eeg-biofeedback-hradec.cz\/eeg\/"},{"@type":"ListItem","position":2,"name":"Jak EEG Biofeedback funguje ?"}]}]}},"_links":{"self":[{"href":"https:\/\/www.eeg-biofeedback-hradec.cz\/eeg\/wp-json\/wp\/v2\/pages\/29"}],"collection":[{"href":"https:\/\/www.eeg-biofeedback-hradec.cz\/eeg\/wp-json\/wp\/v2\/pages"}],"about":[{"href":"https:\/\/www.eeg-biofeedback-hradec.cz\/eeg\/wp-json\/wp\/v2\/types\/page"}],"author":[{"embeddable":true,"href":"https:\/\/www.eeg-biofeedback-hradec.cz\/eeg\/wp-json\/wp\/v2\/users\/1"}],"replies":[{"embeddable":true,"href":"https:\/\/www.eeg-biofeedback-hradec.cz\/eeg\/wp-json\/wp\/v2\/comments?post=29"}],"version-history":[{"count":8,"href":"https:\/\/www.eeg-biofeedback-hradec.cz\/eeg\/wp-json\/wp\/v2\/pages\/29\/revisions"}],"predecessor-version":[{"id":266,"href":"https:\/\/www.eeg-biofeedback-hradec.cz\/eeg\/wp-json\/wp\/v2\/pages\/29\/revisions\/266"}],"wp:attachment":[{"href":"https:\/\/www.eeg-biofeedback-hradec.cz\/eeg\/wp-json\/wp\/v2\/media?parent=29"}],"curies":[{"name":"wp","href":"https:\/\/api.w.org\/{rel}","templated":true}]}}