{"id":4,"date":"2017-02-05T17:40:26","date_gmt":"2017-02-05T16:40:26","guid":{"rendered":"http:\/\/www.eeg-biofeedback-hradec.cz\/eeg\/?page_id=4"},"modified":"2017-02-21T14:13:03","modified_gmt":"2017-02-21T13:13:03","slug":"o-nas","status":"publish","type":"page","link":"https:\/\/www.eeg-biofeedback-hradec.cz\/eeg\/","title":{"rendered":"EEG Biofeedback"},"content":{"rendered":"<h2>Co je to EEG Biofeedback?<\/h2>\n<ul>\n<li>speci\u00e1ln\u00ed tr\u00e9nink mozku<\/li>\n<li>psychoterapeutick\u00e1 metoda<\/li>\n<li>intenzivn\u00ed proces sebeu\u010den\u00ed<\/li>\n<li>v\u00fdcvik v soust\u0159ed\u011bn\u00ed a pozornosti<\/li>\n<\/ul>\n<div class=\"dontsplit\">\n<h2>Indikace \u2013 kde m\u016f\u017ee pomoci?<\/h2>\n<ul class=\"dontsplit\">\n<li>poruchy pozornosti, soust\u0159ed\u011bn\u00ed, ADD, ADHD (d\u0159\u00edve LMD)<\/li>\n<li>speci\u00e1ln\u00ed poruchy u\u010den\u00ed \u2013 dyslexie, dysgrafie, dyskalkulie, pot\u00ed\u017ee s \u0159e\u010d\u00ed a v\u00fdslovnost\u00ed atd.<\/li>\n<li>pam\u011b\u0165, stres, nap\u011bt\u00ed, deprese<\/li>\n<li>motorick\u00e9 pot\u00ed\u017ee<\/li>\n<li>po\u00farazov\u00e9 komplikace a dal\u0161\u00ed<\/li>\n<\/ul>\n<\/div>\n<h2>Jak prob\u00edh\u00e1?<\/h2>\n<ul>\n<li>pomoc\u00ed biologick\u00e9 zp\u011btn\u00e9 vazby<\/li>\n<li>m\u011b\u0159\u00edme EEG \u2013 elektroencefalograf<\/li>\n<li>mozkovou aktivitu sn\u00edmaj\u00ed 3 elektrody d\u016fle\u017eit\u00e9 frekvence jsou p\u0159evedeny do formy<\/li>\n<li>po\u010d\u00edta\u010dov\u00e9 hry, kterou klient vlastn\u00edm soust\u0159ed\u011bn\u00edm ovl\u00e1d\u00e1 tr\u00e9nink prob\u00edh\u00e1 po dohledem terapeuta<\/li>\n<\/ul>\n","protected":false},"excerpt":{"rendered":"Co je to EEG Biofeedback? speci\u00e1ln\u00ed tr\u00e9nink mozku psychoterapeutick\u00e1 metoda intenzivn\u00ed proces sebeu\u010den\u00ed v\u00fdcvik v soust\u0159ed\u011bn\u00ed a pozornosti Indikace \u2013 kde m\u016f\u017ee pomoci? poruchy pozornosti, soust\u0159ed\u011bn\u00ed, ADD, ADHD (d\u0159\u00edve LMD) speci\u00e1ln\u00ed poruchy u\u010den\u00ed \u2013 dyslexie, dysgrafie, dyskalkulie, pot\u00ed\u017ee s \u0159e\u010d\u00ed a v\u00fdslovnost\u00ed atd. pam\u011b\u0165, stres, nap\u011bt\u00ed, deprese motorick\u00e9 pot\u00ed\u017ee po\u00farazov\u00e9 komplikace a dal\u0161\u00ed Jak prob\u00edh\u00e1?&#8230; <a class=\"view-article\" href=\"https:\/\/www.eeg-biofeedback-hradec.cz\/eeg\/\">View Article<\/a>","protected":false},"author":1,"featured_media":0,"parent":0,"menu_order":0,"comment_status":"closed","ping_status":"closed","template":"","meta":[],"acf":[],"yoast_head":"<!-- This site is optimized with the Yoast SEO plugin v17.7.1 - https:\/\/yoast.com\/wordpress\/plugins\/seo\/ -->\n<meta name=\"robots\" content=\"index, follow, max-snippet:-1, max-image-preview:large, max-video-preview:-1\" \/>\n<link rel=\"canonical\" href=\"https:\/\/www.eeg-biofeedback-hradec.cz\/eeg\/\" \/>\n<meta property=\"og:locale\" content=\"cs_CZ\" \/>\n<meta property=\"og:type\" content=\"article\" \/>\n<meta property=\"og:title\" content=\"EEG Biofeedback - EEG Biofeedback Hradec Kr\u00e1lov\u00e9\" \/>\n<meta property=\"og:description\" content=\"Co je to EEG Biofeedback? speci\u00e1ln\u00ed tr\u00e9nink mozku psychoterapeutick\u00e1 metoda intenzivn\u00ed proces sebeu\u010den\u00ed v\u00fdcvik v soust\u0159ed\u011bn\u00ed a pozornosti Indikace \u2013 kde m\u016f\u017ee pomoci? poruchy pozornosti, soust\u0159ed\u011bn\u00ed, ADD, ADHD (d\u0159\u00edve LMD) speci\u00e1ln\u00ed poruchy u\u010den\u00ed \u2013 dyslexie, dysgrafie, dyskalkulie, pot\u00ed\u017ee s \u0159e\u010d\u00ed a v\u00fdslovnost\u00ed atd. pam\u011b\u0165, stres, nap\u011bt\u00ed, deprese motorick\u00e9 pot\u00ed\u017ee po\u00farazov\u00e9 komplikace a dal\u0161\u00ed Jak prob\u00edh\u00e1?... View Article\" \/>\n<meta property=\"og:url\" content=\"https:\/\/www.eeg-biofeedback-hradec.cz\/eeg\/\" \/>\n<meta property=\"og:site_name\" content=\"EEG Biofeedback Hradec Kr\u00e1lov\u00e9\" \/>\n<meta property=\"article:modified_time\" content=\"2017-02-21T13:13:03+00:00\" \/>\n<meta name=\"twitter:card\" content=\"summary_large_image\" \/>\n<meta name=\"twitter:label1\" content=\"Odhadovan\u00e1 doba \u010dten\u00ed\" \/>\n\t<meta name=\"twitter:data1\" content=\"1 minuta\" \/>\n<script type=\"application\/ld+json\" class=\"yoast-schema-graph\">{\"@context\":\"https:\/\/schema.org\",\"@graph\":[{\"@type\":\"WebSite\",\"@id\":\"https:\/\/www.eeg-biofeedback-hradec.cz\/eeg\/#website\",\"url\":\"https:\/\/www.eeg-biofeedback-hradec.cz\/eeg\/\",\"name\":\"EEG Biofeedback Hradec Kr\\u00e1lov\\u00e9\",\"description\":\"\",\"potentialAction\":[{\"@type\":\"SearchAction\",\"target\":{\"@type\":\"EntryPoint\",\"urlTemplate\":\"https:\/\/www.eeg-biofeedback-hradec.cz\/eeg\/?s={search_term_string}\"},\"query-input\":\"required name=search_term_string\"}],\"inLanguage\":\"cs\"},{\"@type\":\"WebPage\",\"@id\":\"https:\/\/www.eeg-biofeedback-hradec.cz\/eeg\/#webpage\",\"url\":\"https:\/\/www.eeg-biofeedback-hradec.cz\/eeg\/\",\"name\":\"EEG Biofeedback - EEG Biofeedback Hradec Kr\\u00e1lov\\u00e9\",\"isPartOf\":{\"@id\":\"https:\/\/www.eeg-biofeedback-hradec.cz\/eeg\/#website\"},\"datePublished\":\"2017-02-05T16:40:26+00:00\",\"dateModified\":\"2017-02-21T13:13:03+00:00\",\"breadcrumb\":{\"@id\":\"https:\/\/www.eeg-biofeedback-hradec.cz\/eeg\/#breadcrumb\"},\"inLanguage\":\"cs\",\"potentialAction\":[{\"@type\":\"ReadAction\",\"target\":[\"https:\/\/www.eeg-biofeedback-hradec.cz\/eeg\/\"]}]},{\"@type\":\"BreadcrumbList\",\"@id\":\"https:\/\/www.eeg-biofeedback-hradec.cz\/eeg\/#breadcrumb\",\"itemListElement\":[{\"@type\":\"ListItem\",\"position\":1,\"name\":\"Dom\\u016f\",\"item\":\"https:\/\/www.eeg-biofeedback-hradec.cz\/eeg\/\"},{\"@type\":\"ListItem\",\"position\":2,\"name\":\"EEG Biofeedback\"}]}]}<\/script>\n<!-- \/ Yoast SEO plugin. -->","yoast_head_json":{"robots":{"index":"index","follow":"follow","max-snippet":"max-snippet:-1","max-image-preview":"max-image-preview:large","max-video-preview":"max-video-preview:-1"},"canonical":"https:\/\/www.eeg-biofeedback-hradec.cz\/eeg\/","og_locale":"cs_CZ","og_type":"article","og_title":"EEG Biofeedback - EEG Biofeedback Hradec Kr\u00e1lov\u00e9","og_description":"Co je to EEG Biofeedback? speci\u00e1ln\u00ed tr\u00e9nink mozku psychoterapeutick\u00e1 metoda intenzivn\u00ed proces sebeu\u010den\u00ed v\u00fdcvik v soust\u0159ed\u011bn\u00ed a pozornosti Indikace \u2013 kde m\u016f\u017ee pomoci? poruchy pozornosti, soust\u0159ed\u011bn\u00ed, ADD, ADHD (d\u0159\u00edve LMD) speci\u00e1ln\u00ed poruchy u\u010den\u00ed \u2013 dyslexie, dysgrafie, dyskalkulie, pot\u00ed\u017ee s \u0159e\u010d\u00ed a v\u00fdslovnost\u00ed atd. pam\u011b\u0165, stres, nap\u011bt\u00ed, deprese motorick\u00e9 pot\u00ed\u017ee po\u00farazov\u00e9 komplikace a dal\u0161\u00ed Jak prob\u00edh\u00e1?... View Article","og_url":"https:\/\/www.eeg-biofeedback-hradec.cz\/eeg\/","og_site_name":"EEG Biofeedback Hradec Kr\u00e1lov\u00e9","article_modified_time":"2017-02-21T13:13:03+00:00","twitter_card":"summary_large_image","twitter_misc":{"Odhadovan\u00e1 doba \u010dten\u00ed":"1 minuta"},"schema":{"@context":"https:\/\/schema.org","@graph":[{"@type":"WebSite","@id":"https:\/\/www.eeg-biofeedback-hradec.cz\/eeg\/#website","url":"https:\/\/www.eeg-biofeedback-hradec.cz\/eeg\/","name":"EEG Biofeedback Hradec Kr\u00e1lov\u00e9","description":"","potentialAction":[{"@type":"SearchAction","target":{"@type":"EntryPoint","urlTemplate":"https:\/\/www.eeg-biofeedback-hradec.cz\/eeg\/?s={search_term_string}"},"query-input":"required name=search_term_string"}],"inLanguage":"cs"},{"@type":"WebPage","@id":"https:\/\/www.eeg-biofeedback-hradec.cz\/eeg\/#webpage","url":"https:\/\/www.eeg-biofeedback-hradec.cz\/eeg\/","name":"EEG Biofeedback - EEG Biofeedback Hradec Kr\u00e1lov\u00e9","isPartOf":{"@id":"https:\/\/www.eeg-biofeedback-hradec.cz\/eeg\/#website"},"datePublished":"2017-02-05T16:40:26+00:00","dateModified":"2017-02-21T13:13:03+00:00","breadcrumb":{"@id":"https:\/\/www.eeg-biofeedback-hradec.cz\/eeg\/#breadcrumb"},"inLanguage":"cs","potentialAction":[{"@type":"ReadAction","target":["https:\/\/www.eeg-biofeedback-hradec.cz\/eeg\/"]}]},{"@type":"BreadcrumbList","@id":"https:\/\/www.eeg-biofeedback-hradec.cz\/eeg\/#breadcrumb","itemListElement":[{"@type":"ListItem","position":1,"name":"Dom\u016f","item":"https:\/\/www.eeg-biofeedback-hradec.cz\/eeg\/"},{"@type":"ListItem","position":2,"name":"EEG Biofeedback"}]}]}},"_links":{"self":[{"href":"https:\/\/www.eeg-biofeedback-hradec.cz\/eeg\/wp-json\/wp\/v2\/pages\/4"}],"collection":[{"href":"https:\/\/www.eeg-biofeedback-hradec.cz\/eeg\/wp-json\/wp\/v2\/pages"}],"about":[{"href":"https:\/\/www.eeg-biofeedback-hradec.cz\/eeg\/wp-json\/wp\/v2\/types\/page"}],"author":[{"embeddable":true,"href":"https:\/\/www.eeg-biofeedback-hradec.cz\/eeg\/wp-json\/wp\/v2\/users\/1"}],"replies":[{"embeddable":true,"href":"https:\/\/www.eeg-biofeedback-hradec.cz\/eeg\/wp-json\/wp\/v2\/comments?post=4"}],"version-history":[{"count":9,"href":"https:\/\/www.eeg-biofeedback-hradec.cz\/eeg\/wp-json\/wp\/v2\/pages\/4\/revisions"}],"predecessor-version":[{"id":146,"href":"https:\/\/www.eeg-biofeedback-hradec.cz\/eeg\/wp-json\/wp\/v2\/pages\/4\/revisions\/146"}],"wp:attachment":[{"href":"https:\/\/www.eeg-biofeedback-hradec.cz\/eeg\/wp-json\/wp\/v2\/media?parent=4"}],"curies":[{"name":"wp","href":"https:\/\/api.w.org\/{rel}","templated":true}]}}