{"id":83,"date":"2017-02-17T16:06:55","date_gmt":"2017-02-17T15:06:55","guid":{"rendered":"http:\/\/www.eeg-biofeedback-hradec.cz\/eeg\/?page_id=83"},"modified":"2017-02-23T01:15:58","modified_gmt":"2017-02-23T00:15:58","slug":"trenink-dospelych","status":"publish","type":"page","link":"https:\/\/www.eeg-biofeedback-hradec.cz\/eeg\/trenink-dospelych\/","title":{"rendered":"Tr\u00e9nink dosp\u011bl\u00fdch"},"content":{"rendered":"<p><a href=\"http:\/\/www.eeg-biofeedback-hradec.cz\/eeg\/wp-content\/uploads\/sites\/2\/2017\/02\/DSC06604.jpg\"><img loading=\"lazy\" width=\"150\" height=\"150\" class=\"size-thumbnail wp-image-196 alignleft\" src=\"http:\/\/www.eeg-biofeedback-hradec.cz\/eeg\/wp-content\/uploads\/sites\/2\/2017\/02\/DSC06604-150x150.jpg\" alt=\"DSC06604\" \/><\/a> <a href=\"http:\/\/www.eeg-biofeedback-hradec.cz\/eeg\/wp-content\/uploads\/sites\/2\/2017\/02\/DSC07116.jpg\"><img loading=\"lazy\" width=\"150\" height=\"150\" class=\"alignleft size-thumbnail wp-image-202\" src=\"http:\/\/www.eeg-biofeedback-hradec.cz\/eeg\/wp-content\/uploads\/sites\/2\/2017\/02\/DSC07116-150x150.jpg\" alt=\"DSC07116\" \/><\/a><\/p>\n<p>&nbsp;<\/p>\n<p>&nbsp;<\/p>\n<p>&nbsp;<\/p>\n<p>&nbsp;<\/p>\n<p>&nbsp;<\/p>\n<p>&nbsp;<\/p>\n<p>&nbsp;<\/p>\n<p>&nbsp;<\/p>\n","protected":false},"excerpt":{"rendered":"&nbsp; &nbsp; &nbsp; &nbsp; &nbsp; &nbsp; &nbsp; &nbsp;","protected":false},"author":1,"featured_media":0,"parent":0,"menu_order":0,"comment_status":"closed","ping_status":"closed","template":"template-gallery.php","meta":[],"acf":[],"yoast_head":"<!-- This site is optimized with the Yoast SEO plugin v17.7.1 - https:\/\/yoast.com\/wordpress\/plugins\/seo\/ -->\n<meta name=\"robots\" content=\"index, follow, max-snippet:-1, max-image-preview:large, max-video-preview:-1\" \/>\n<link rel=\"canonical\" href=\"https:\/\/www.eeg-biofeedback-hradec.cz\/eeg\/trenink-dospelych\/\" \/>\n<meta property=\"og:locale\" content=\"cs_CZ\" \/>\n<meta property=\"og:type\" content=\"article\" \/>\n<meta property=\"og:title\" content=\"Tr\u00e9nink dosp\u011bl\u00fdch - EEG Biofeedback Hradec Kr\u00e1lov\u00e9\" \/>\n<meta property=\"og:description\" content=\"&nbsp; &nbsp; &nbsp; &nbsp; &nbsp; &nbsp; &nbsp; &nbsp;\" \/>\n<meta property=\"og:url\" content=\"https:\/\/www.eeg-biofeedback-hradec.cz\/eeg\/trenink-dospelych\/\" \/>\n<meta property=\"og:site_name\" content=\"EEG Biofeedback Hradec Kr\u00e1lov\u00e9\" \/>\n<meta property=\"article:modified_time\" content=\"2017-02-23T00:15:58+00:00\" \/>\n<meta property=\"og:image\" content=\"http:\/\/www.eeg-biofeedback-hradec.cz\/eeg\/wp-content\/uploads\/sites\/2\/2017\/02\/DSC06604-150x150.jpg\" \/>\n<meta name=\"twitter:card\" content=\"summary_large_image\" \/>\n<script type=\"application\/ld+json\" class=\"yoast-schema-graph\">{\"@context\":\"https:\/\/schema.org\",\"@graph\":[{\"@type\":\"WebSite\",\"@id\":\"https:\/\/www.eeg-biofeedback-hradec.cz\/eeg\/#website\",\"url\":\"https:\/\/www.eeg-biofeedback-hradec.cz\/eeg\/\",\"name\":\"EEG Biofeedback Hradec Kr\\u00e1lov\\u00e9\",\"description\":\"\",\"potentialAction\":[{\"@type\":\"SearchAction\",\"target\":{\"@type\":\"EntryPoint\",\"urlTemplate\":\"https:\/\/www.eeg-biofeedback-hradec.cz\/eeg\/?s={search_term_string}\"},\"query-input\":\"required name=search_term_string\"}],\"inLanguage\":\"cs\"},{\"@type\":\"ImageObject\",\"@id\":\"https:\/\/www.eeg-biofeedback-hradec.cz\/eeg\/trenink-dospelych\/#primaryimage\",\"inLanguage\":\"cs\",\"url\":\"http:\/\/www.eeg-biofeedback-hradec.cz\/eeg\/wp-content\/uploads\/sites\/2\/2017\/02\/DSC06604-150x150.jpg\",\"contentUrl\":\"http:\/\/www.eeg-biofeedback-hradec.cz\/eeg\/wp-content\/uploads\/sites\/2\/2017\/02\/DSC06604-150x150.jpg\"},{\"@type\":\"WebPage\",\"@id\":\"https:\/\/www.eeg-biofeedback-hradec.cz\/eeg\/trenink-dospelych\/#webpage\",\"url\":\"https:\/\/www.eeg-biofeedback-hradec.cz\/eeg\/trenink-dospelych\/\",\"name\":\"Tr\\u00e9nink dosp\\u011bl\\u00fdch - EEG Biofeedback Hradec Kr\\u00e1lov\\u00e9\",\"isPartOf\":{\"@id\":\"https:\/\/www.eeg-biofeedback-hradec.cz\/eeg\/#website\"},\"primaryImageOfPage\":{\"@id\":\"https:\/\/www.eeg-biofeedback-hradec.cz\/eeg\/trenink-dospelych\/#primaryimage\"},\"datePublished\":\"2017-02-17T15:06:55+00:00\",\"dateModified\":\"2017-02-23T00:15:58+00:00\",\"breadcrumb\":{\"@id\":\"https:\/\/www.eeg-biofeedback-hradec.cz\/eeg\/trenink-dospelych\/#breadcrumb\"},\"inLanguage\":\"cs\",\"potentialAction\":[{\"@type\":\"ReadAction\",\"target\":[\"https:\/\/www.eeg-biofeedback-hradec.cz\/eeg\/trenink-dospelych\/\"]}]},{\"@type\":\"BreadcrumbList\",\"@id\":\"https:\/\/www.eeg-biofeedback-hradec.cz\/eeg\/trenink-dospelych\/#breadcrumb\",\"itemListElement\":[{\"@type\":\"ListItem\",\"position\":1,\"name\":\"Dom\\u016f\",\"item\":\"https:\/\/www.eeg-biofeedback-hradec.cz\/eeg\/\"},{\"@type\":\"ListItem\",\"position\":2,\"name\":\"Tr\\u00e9nink dosp\\u011bl\\u00fdch\"}]}]}<\/script>\n<!-- \/ Yoast SEO plugin. -->","yoast_head_json":{"robots":{"index":"index","follow":"follow","max-snippet":"max-snippet:-1","max-image-preview":"max-image-preview:large","max-video-preview":"max-video-preview:-1"},"canonical":"https:\/\/www.eeg-biofeedback-hradec.cz\/eeg\/trenink-dospelych\/","og_locale":"cs_CZ","og_type":"article","og_title":"Tr\u00e9nink dosp\u011bl\u00fdch - EEG Biofeedback Hradec Kr\u00e1lov\u00e9","og_description":"&nbsp; &nbsp; &nbsp; &nbsp; &nbsp; &nbsp; &nbsp; &nbsp;","og_url":"https:\/\/www.eeg-biofeedback-hradec.cz\/eeg\/trenink-dospelych\/","og_site_name":"EEG Biofeedback Hradec Kr\u00e1lov\u00e9","article_modified_time":"2017-02-23T00:15:58+00:00","og_image":[{"url":"http:\/\/www.eeg-biofeedback-hradec.cz\/eeg\/wp-content\/uploads\/sites\/2\/2017\/02\/DSC06604-150x150.jpg"}],"twitter_card":"summary_large_image","schema":{"@context":"https:\/\/schema.org","@graph":[{"@type":"WebSite","@id":"https:\/\/www.eeg-biofeedback-hradec.cz\/eeg\/#website","url":"https:\/\/www.eeg-biofeedback-hradec.cz\/eeg\/","name":"EEG Biofeedback Hradec Kr\u00e1lov\u00e9","description":"","potentialAction":[{"@type":"SearchAction","target":{"@type":"EntryPoint","urlTemplate":"https:\/\/www.eeg-biofeedback-hradec.cz\/eeg\/?s={search_term_string}"},"query-input":"required name=search_term_string"}],"inLanguage":"cs"},{"@type":"ImageObject","@id":"https:\/\/www.eeg-biofeedback-hradec.cz\/eeg\/trenink-dospelych\/#primaryimage","inLanguage":"cs","url":"http:\/\/www.eeg-biofeedback-hradec.cz\/eeg\/wp-content\/uploads\/sites\/2\/2017\/02\/DSC06604-150x150.jpg","contentUrl":"http:\/\/www.eeg-biofeedback-hradec.cz\/eeg\/wp-content\/uploads\/sites\/2\/2017\/02\/DSC06604-150x150.jpg"},{"@type":"WebPage","@id":"https:\/\/www.eeg-biofeedback-hradec.cz\/eeg\/trenink-dospelych\/#webpage","url":"https:\/\/www.eeg-biofeedback-hradec.cz\/eeg\/trenink-dospelych\/","name":"Tr\u00e9nink dosp\u011bl\u00fdch - EEG Biofeedback Hradec Kr\u00e1lov\u00e9","isPartOf":{"@id":"https:\/\/www.eeg-biofeedback-hradec.cz\/eeg\/#website"},"primaryImageOfPage":{"@id":"https:\/\/www.eeg-biofeedback-hradec.cz\/eeg\/trenink-dospelych\/#primaryimage"},"datePublished":"2017-02-17T15:06:55+00:00","dateModified":"2017-02-23T00:15:58+00:00","breadcrumb":{"@id":"https:\/\/www.eeg-biofeedback-hradec.cz\/eeg\/trenink-dospelych\/#breadcrumb"},"inLanguage":"cs","potentialAction":[{"@type":"ReadAction","target":["https:\/\/www.eeg-biofeedback-hradec.cz\/eeg\/trenink-dospelych\/"]}]},{"@type":"BreadcrumbList","@id":"https:\/\/www.eeg-biofeedback-hradec.cz\/eeg\/trenink-dospelych\/#breadcrumb","itemListElement":[{"@type":"ListItem","position":1,"name":"Dom\u016f","item":"https:\/\/www.eeg-biofeedback-hradec.cz\/eeg\/"},{"@type":"ListItem","position":2,"name":"Tr\u00e9nink dosp\u011bl\u00fdch"}]}]}},"_links":{"self":[{"href":"https:\/\/www.eeg-biofeedback-hradec.cz\/eeg\/wp-json\/wp\/v2\/pages\/83"}],"collection":[{"href":"https:\/\/www.eeg-biofeedback-hradec.cz\/eeg\/wp-json\/wp\/v2\/pages"}],"about":[{"href":"https:\/\/www.eeg-biofeedback-hradec.cz\/eeg\/wp-json\/wp\/v2\/types\/page"}],"author":[{"embeddable":true,"href":"https:\/\/www.eeg-biofeedback-hradec.cz\/eeg\/wp-json\/wp\/v2\/users\/1"}],"replies":[{"embeddable":true,"href":"https:\/\/www.eeg-biofeedback-hradec.cz\/eeg\/wp-json\/wp\/v2\/comments?post=83"}],"version-history":[{"count":7,"href":"https:\/\/www.eeg-biofeedback-hradec.cz\/eeg\/wp-json\/wp\/v2\/pages\/83\/revisions"}],"predecessor-version":[{"id":206,"href":"https:\/\/www.eeg-biofeedback-hradec.cz\/eeg\/wp-json\/wp\/v2\/pages\/83\/revisions\/206"}],"wp:attachment":[{"href":"https:\/\/www.eeg-biofeedback-hradec.cz\/eeg\/wp-json\/wp\/v2\/media?parent=83"}],"curies":[{"name":"wp","href":"https:\/\/api.w.org\/{rel}","templated":true}]}}