{"id":4,"date":"2017-02-05T17:40:19","date_gmt":"2017-02-05T16:40:19","guid":{"rendered":"http:\/\/www.eeg-biofeedback-hradec.cz\/poradna\/?page_id=4"},"modified":"2017-02-21T14:31:11","modified_gmt":"2017-02-21T13:31:11","slug":"o-nas","status":"publish","type":"page","link":"https:\/\/www.eeg-biofeedback-hradec.cz\/poradna\/","title":{"rendered":"Poradna pro osobn\u00ed a rodinn\u00e9 vztahy"},"content":{"rendered":"<p>V na\u0161\u00ed poradn\u011b najdete vl\u00eddn\u00e9 p\u0159ijet\u00ed a pochopen\u00ed pro sv\u00e9 pot\u00ed\u017ee ve vztaz\u00edch s partnerem, s rodi\u010di i s d\u011btmi. Jsem p\u0159ipraven v\u011bnovat V\u00e1m \u010das, pozorn\u011b V\u00e1s vyslechnout a hledat, spole\u010dn\u011b s V\u00e1mi, \u0159e\u0161en\u00ed Va\u0161\u00ed slo\u017eit\u00e9, \u017eivotn\u00ed situace.<\/p>\n<p>Moji poradnou pro\u0161ly stovky klient\u016f s nejr\u016fzn\u011bj\u0161\u00edmi, i velmi t\u011b\u017ek\u00fdmi, \u017eivotn\u00edmi propletenci.<br \/>\nJsem V\u00e1m pln\u011b k dispozici. R\u00e1d V\u00e1s doprovod\u00edm na Va\u0161\u00ed \u017eivotn\u00ed cest\u011b a spole\u010dn\u011b se pod\u00edv\u00e1me na celou z\u00e1le\u017eitost z r\u016fzn\u00fdch stran.<\/p>\n<p>Nov\u00fd pohled a Va\u0161e vyj\u00e1d\u0159en\u00ed cel\u00e9 situace, u\u017e m\u016f\u017ee nab\u00edzet \u0159e\u0161en\u00ed.<\/p>\n<p>M\u00e1m zku\u0161enosti z mnohalet\u00e9 pr\u00e1ce s lidmi v \u00fazkosti, depresi, psychosomatick\u00fdmi pot\u00ed\u017eemi, z\u00e1vislostmi, vztahov\u00fdmi krizemi. P\u0159ich\u00e1zej\u00ed i zcela zdrav\u00fd lid\u00e9, kte\u0159\u00ed hledaj\u00ed svou \u017eivotn\u00ed cestu a smysl \u017eivota.<\/p>\n<p>Oce\u0148uji odvahu ka\u017ed\u00e9ho, kdo je ochoten na sob\u011b pracovat.<\/p>\n","protected":false},"excerpt":{"rendered":"V na\u0161\u00ed poradn\u011b najdete vl\u00eddn\u00e9 p\u0159ijet\u00ed a pochopen\u00ed pro sv\u00e9 pot\u00ed\u017ee ve vztaz\u00edch s partnerem, s rodi\u010di i s d\u011btmi. Jsem p\u0159ipraven v\u011bnovat V\u00e1m \u010das, pozorn\u011b V\u00e1s vyslechnout a hledat, spole\u010dn\u011b s V\u00e1mi, \u0159e\u0161en\u00ed Va\u0161\u00ed slo\u017eit\u00e9, \u017eivotn\u00ed situace. Moji poradnou pro\u0161ly stovky klient\u016f s nejr\u016fzn\u011bj\u0161\u00edmi, i velmi t\u011b\u017ek\u00fdmi, \u017eivotn\u00edmi propletenci. Jsem V\u00e1m pln\u011b k dispozici&#8230;. <a class=\"view-article\" href=\"https:\/\/www.eeg-biofeedback-hradec.cz\/poradna\/\">View Article<\/a>","protected":false},"author":1,"featured_media":0,"parent":0,"menu_order":0,"comment_status":"closed","ping_status":"closed","template":"","meta":[],"acf":[],"yoast_head":"<!-- This site is optimized with the Yoast SEO plugin v17.7.1 - https:\/\/yoast.com\/wordpress\/plugins\/seo\/ -->\n<meta name=\"robots\" content=\"index, follow, max-snippet:-1, max-image-preview:large, max-video-preview:-1\" \/>\n<link rel=\"canonical\" href=\"https:\/\/www.eeg-biofeedback-hradec.cz\/poradna\/\" \/>\n<meta property=\"og:locale\" content=\"cs_CZ\" \/>\n<meta property=\"og:type\" content=\"article\" \/>\n<meta property=\"og:title\" content=\"Poradna pro osobn\u00ed a rodinn\u00e9 vztahy - Poradna pro osobn\u00ed a rodinn\u00e9 vztahy | Radom\u00edr a Petra Noskovi | Hradec Kr\u00e1lov\u00e9\" \/>\n<meta property=\"og:description\" content=\"V na\u0161\u00ed poradn\u011b najdete vl\u00eddn\u00e9 p\u0159ijet\u00ed a pochopen\u00ed pro sv\u00e9 pot\u00ed\u017ee ve vztaz\u00edch s partnerem, s rodi\u010di i s d\u011btmi. Jsem p\u0159ipraven v\u011bnovat V\u00e1m \u010das, pozorn\u011b V\u00e1s vyslechnout a hledat, spole\u010dn\u011b s V\u00e1mi, \u0159e\u0161en\u00ed Va\u0161\u00ed slo\u017eit\u00e9, \u017eivotn\u00ed situace. Moji poradnou pro\u0161ly stovky klient\u016f s nejr\u016fzn\u011bj\u0161\u00edmi, i velmi t\u011b\u017ek\u00fdmi, \u017eivotn\u00edmi propletenci. Jsem V\u00e1m pln\u011b k dispozici.... View Article\" \/>\n<meta property=\"og:url\" content=\"https:\/\/www.eeg-biofeedback-hradec.cz\/poradna\/\" \/>\n<meta property=\"og:site_name\" content=\"Poradna pro osobn\u00ed a rodinn\u00e9 vztahy | Radom\u00edr a Petra Noskovi | Hradec Kr\u00e1lov\u00e9\" \/>\n<meta property=\"article:modified_time\" content=\"2017-02-21T13:31:11+00:00\" \/>\n<meta name=\"twitter:card\" content=\"summary_large_image\" \/>\n<meta name=\"twitter:label1\" content=\"Odhadovan\u00e1 doba \u010dten\u00ed\" \/>\n\t<meta name=\"twitter:data1\" content=\"1 minuta\" \/>\n<script type=\"application\/ld+json\" class=\"yoast-schema-graph\">{\"@context\":\"https:\/\/schema.org\",\"@graph\":[{\"@type\":\"WebSite\",\"@id\":\"https:\/\/www.eeg-biofeedback-hradec.cz\/poradna\/#website\",\"url\":\"https:\/\/www.eeg-biofeedback-hradec.cz\/poradna\/\",\"name\":\"Poradna pro osobn\\u00ed a rodinn\\u00e9 vztahy | Radom\\u00edr a Petra Noskovi | Hradec Kr\\u00e1lov\\u00e9\",\"description\":\"\",\"potentialAction\":[{\"@type\":\"SearchAction\",\"target\":{\"@type\":\"EntryPoint\",\"urlTemplate\":\"https:\/\/www.eeg-biofeedback-hradec.cz\/poradna\/?s={search_term_string}\"},\"query-input\":\"required name=search_term_string\"}],\"inLanguage\":\"cs\"},{\"@type\":\"WebPage\",\"@id\":\"https:\/\/www.eeg-biofeedback-hradec.cz\/poradna\/#webpage\",\"url\":\"https:\/\/www.eeg-biofeedback-hradec.cz\/poradna\/\",\"name\":\"Poradna pro osobn\\u00ed a rodinn\\u00e9 vztahy - Poradna pro osobn\\u00ed a rodinn\\u00e9 vztahy | Radom\\u00edr a Petra Noskovi | Hradec Kr\\u00e1lov\\u00e9\",\"isPartOf\":{\"@id\":\"https:\/\/www.eeg-biofeedback-hradec.cz\/poradna\/#website\"},\"datePublished\":\"2017-02-05T16:40:19+00:00\",\"dateModified\":\"2017-02-21T13:31:11+00:00\",\"breadcrumb\":{\"@id\":\"https:\/\/www.eeg-biofeedback-hradec.cz\/poradna\/#breadcrumb\"},\"inLanguage\":\"cs\",\"potentialAction\":[{\"@type\":\"ReadAction\",\"target\":[\"https:\/\/www.eeg-biofeedback-hradec.cz\/poradna\/\"]}]},{\"@type\":\"BreadcrumbList\",\"@id\":\"https:\/\/www.eeg-biofeedback-hradec.cz\/poradna\/#breadcrumb\",\"itemListElement\":[{\"@type\":\"ListItem\",\"position\":1,\"name\":\"Dom\\u016f\",\"item\":\"https:\/\/www.eeg-biofeedback-hradec.cz\/poradna\/\"},{\"@type\":\"ListItem\",\"position\":2,\"name\":\"Poradna pro osobn\\u00ed a rodinn\\u00e9 vztahy\"}]}]}<\/script>\n<!-- \/ Yoast SEO plugin. -->","yoast_head_json":{"robots":{"index":"index","follow":"follow","max-snippet":"max-snippet:-1","max-image-preview":"max-image-preview:large","max-video-preview":"max-video-preview:-1"},"canonical":"https:\/\/www.eeg-biofeedback-hradec.cz\/poradna\/","og_locale":"cs_CZ","og_type":"article","og_title":"Poradna pro osobn\u00ed a rodinn\u00e9 vztahy - Poradna pro osobn\u00ed a rodinn\u00e9 vztahy | Radom\u00edr a Petra Noskovi | Hradec Kr\u00e1lov\u00e9","og_description":"V na\u0161\u00ed poradn\u011b najdete vl\u00eddn\u00e9 p\u0159ijet\u00ed a pochopen\u00ed pro sv\u00e9 pot\u00ed\u017ee ve vztaz\u00edch s partnerem, s rodi\u010di i s d\u011btmi. Jsem p\u0159ipraven v\u011bnovat V\u00e1m \u010das, pozorn\u011b V\u00e1s vyslechnout a hledat, spole\u010dn\u011b s V\u00e1mi, \u0159e\u0161en\u00ed Va\u0161\u00ed slo\u017eit\u00e9, \u017eivotn\u00ed situace. Moji poradnou pro\u0161ly stovky klient\u016f s nejr\u016fzn\u011bj\u0161\u00edmi, i velmi t\u011b\u017ek\u00fdmi, \u017eivotn\u00edmi propletenci. Jsem V\u00e1m pln\u011b k dispozici.... View Article","og_url":"https:\/\/www.eeg-biofeedback-hradec.cz\/poradna\/","og_site_name":"Poradna pro osobn\u00ed a rodinn\u00e9 vztahy | Radom\u00edr a Petra Noskovi | Hradec Kr\u00e1lov\u00e9","article_modified_time":"2017-02-21T13:31:11+00:00","twitter_card":"summary_large_image","twitter_misc":{"Odhadovan\u00e1 doba \u010dten\u00ed":"1 minuta"},"schema":{"@context":"https:\/\/schema.org","@graph":[{"@type":"WebSite","@id":"https:\/\/www.eeg-biofeedback-hradec.cz\/poradna\/#website","url":"https:\/\/www.eeg-biofeedback-hradec.cz\/poradna\/","name":"Poradna pro osobn\u00ed a rodinn\u00e9 vztahy | Radom\u00edr a Petra Noskovi | Hradec Kr\u00e1lov\u00e9","description":"","potentialAction":[{"@type":"SearchAction","target":{"@type":"EntryPoint","urlTemplate":"https:\/\/www.eeg-biofeedback-hradec.cz\/poradna\/?s={search_term_string}"},"query-input":"required name=search_term_string"}],"inLanguage":"cs"},{"@type":"WebPage","@id":"https:\/\/www.eeg-biofeedback-hradec.cz\/poradna\/#webpage","url":"https:\/\/www.eeg-biofeedback-hradec.cz\/poradna\/","name":"Poradna pro osobn\u00ed a rodinn\u00e9 vztahy - Poradna pro osobn\u00ed a rodinn\u00e9 vztahy | Radom\u00edr a Petra Noskovi | Hradec Kr\u00e1lov\u00e9","isPartOf":{"@id":"https:\/\/www.eeg-biofeedback-hradec.cz\/poradna\/#website"},"datePublished":"2017-02-05T16:40:19+00:00","dateModified":"2017-02-21T13:31:11+00:00","breadcrumb":{"@id":"https:\/\/www.eeg-biofeedback-hradec.cz\/poradna\/#breadcrumb"},"inLanguage":"cs","potentialAction":[{"@type":"ReadAction","target":["https:\/\/www.eeg-biofeedback-hradec.cz\/poradna\/"]}]},{"@type":"BreadcrumbList","@id":"https:\/\/www.eeg-biofeedback-hradec.cz\/poradna\/#breadcrumb","itemListElement":[{"@type":"ListItem","position":1,"name":"Dom\u016f","item":"https:\/\/www.eeg-biofeedback-hradec.cz\/poradna\/"},{"@type":"ListItem","position":2,"name":"Poradna pro osobn\u00ed a rodinn\u00e9 vztahy"}]}]}},"_links":{"self":[{"href":"https:\/\/www.eeg-biofeedback-hradec.cz\/poradna\/wp-json\/wp\/v2\/pages\/4"}],"collection":[{"href":"https:\/\/www.eeg-biofeedback-hradec.cz\/poradna\/wp-json\/wp\/v2\/pages"}],"about":[{"href":"https:\/\/www.eeg-biofeedback-hradec.cz\/poradna\/wp-json\/wp\/v2\/types\/page"}],"author":[{"embeddable":true,"href":"https:\/\/www.eeg-biofeedback-hradec.cz\/poradna\/wp-json\/wp\/v2\/users\/1"}],"replies":[{"embeddable":true,"href":"https:\/\/www.eeg-biofeedback-hradec.cz\/poradna\/wp-json\/wp\/v2\/comments?post=4"}],"version-history":[{"count":5,"href":"https:\/\/www.eeg-biofeedback-hradec.cz\/poradna\/wp-json\/wp\/v2\/pages\/4\/revisions"}],"predecessor-version":[{"id":76,"href":"https:\/\/www.eeg-biofeedback-hradec.cz\/poradna\/wp-json\/wp\/v2\/pages\/4\/revisions\/76"}],"wp:attachment":[{"href":"https:\/\/www.eeg-biofeedback-hradec.cz\/poradna\/wp-json\/wp\/v2\/media?parent=4"}],"curies":[{"name":"wp","href":"https:\/\/api.w.org\/{rel}","templated":true}]}}